{"id":502,"date":"2021-12-02T00:22:50","date_gmt":"2021-12-02T00:22:50","guid":{"rendered":"https:\/\/e-fiskal.rs\/?page_id=502"},"modified":"2023-10-19T08:38:06","modified_gmt":"2023-10-19T08:38:06","slug":"win-fiskal-fiskalna-kasa","status":"publish","type":"page","link":"https:\/\/e-fiskal.rs\/index.php\/win-fiskal-fiskalna-kasa\/","title":{"rendered":"WIN Fiskal fiskalna kasa"},"content":{"rendered":"<p>Odaberite softversko re\u0161enje po svojoj meri za samo 1.200,00rsd\/mese\u010dno+PDV. Za sve poreske obveznike koji imaju laptop ili ra\u010dunar pripremili smo softverko re\u0161enje po njihovoj meri&#8230;<\/p>\n<h2 style=\"text-align: center;\"><img fetchpriority=\"high\" decoding=\"async\" class=\"alignnone wp-image-500 size-full\" src=\"https:\/\/e-fiskal.rs\/wp-content\/uploads\/2021\/12\/stomatolog-lap-top-1000.png\" alt=\"web fiskal elektronska fiskalna kasa\" width=\"1000\" height=\"667\" srcset=\"https:\/\/e-fiskal.rs\/wp-content\/uploads\/2021\/12\/stomatolog-lap-top-1000.png 1000w, https:\/\/e-fiskal.rs\/wp-content\/uploads\/2021\/12\/stomatolog-lap-top-1000-600x400.png 600w, https:\/\/e-fiskal.rs\/wp-content\/uploads\/2021\/12\/stomatolog-lap-top-1000-300x200.png 300w, https:\/\/e-fiskal.rs\/wp-content\/uploads\/2021\/12\/stomatolog-lap-top-1000-768x512.png 768w\" sizes=\"(max-width: 1000px) 100vw, 1000px\" \/><\/h2>\n<h2 style=\"text-align: center;\"><b>Funkcionalnosti<\/b><b> softvera za elektronsku fiskalizaciju<\/b><\/h2>\n<p>Deo osnovnih funkcionalnosti koje se nalaze u okviru na\u0161eg softverskog resenja:<\/p>\n<ul>\n<li>kreiranje ra\u010duna kroz ikonice i\/ili internu \u0161ifru koje ozna\u010davaju vrstu usluge;<\/li>\n<li>editovanje postoje\u0107ih i dodavanje novih usluga\/artikala;<\/li>\n<li>povezivanje artikala sa EAN\/GTIN kodovima;<\/li>\n<li>mogu\u0107nost izdavanja svih tipova ra\u010duna za pravna lica (B2B);<\/li>\n<li>izve\u0161taji koji obuhvataju prikaz promete, sa iskazanim PDV-om kao i na\u010dinom pla\u0107anja;<\/li>\n<li>kreiranje grupa artikala\/delatnosti u okviru poslovne jedinice (npr: vo\u0107e, povr\u0107e, sokovi i sli\u010dno);<\/li>\n<li>email slanje izve\u0161taja knjigovo\u0111i;<\/li>\n<li>istorija ra\u010duna (izdati, refundirani, predra\u010duni, b2b, kopije);<\/li>\n<li>definisanje privilegija za zaposlene tj poreske obveznike koji imaju vi\u0161e zaposlenih gde:\n<ul>\n<li style=\"list-style-type: none;\">\n<ul>\n<li><i>zaposleni <\/i><i>izme\u0111u <\/i><i>sebe <\/i><i>nemaju uvid u izve\u0161taje, izdate ra\u010dune <\/i><i>i <\/i><i>sli\u010dno<\/i><i>;<\/i><\/li>\n<li><i>to <\/i><i>isklju\u010divo <\/i><i>vidi vlasnik, direktor, <\/i><i>ovla\u0161\u0107eno <\/i><i>lice itd&#8230;<\/i><\/li>\n<\/ul>\n<\/li>\n<\/ul>\n<\/li>\n<li>definisanje i kreiranje profila poreskog obveznika;<\/li>\n<li>a\u017euriranje ESIR-a (softverske fiskalne kase) po sistemu:\n<ul>\n<li style=\"list-style-type: none;\">\n<ul>\n<li><i>update nije <\/i><i>obavezan<\/i><i>;<\/i><\/li>\n<li><i>obavezan <\/i><i>update<\/i><i>;<\/i><\/li>\n<\/ul>\n<\/li>\n<\/ul>\n<\/li>\n<li>sistem za automatsko obave\u0161tavanje kroz notifikacije na samom ure\u0111aju;<\/li>\n<li>u slu\u010daju da korisnik nije izmirio mese\u010dne obaveze, automatsko isklju\u010divanje sa sistema;<\/li>\n<li>Obuka mode za obuku i trening zaposlenih\u00a0 kao i novozaposlenih<\/li>\n<\/ul>\n<h2>WIN Fiskal fiskalna kasa<\/h2>\n<p>Spremno za novu elektronsku fiskalizaciju i mo\u017ee se koristiti na bilo kojem laptop ili desktom ra\u010dunaru koji ima operativni sistem Windows.<\/p>\n<p>Pogledajte razna pitanja i odgovore, na ovaj <a href=\"https:\/\/e-fiskal.rs\/index.php\/2021\/12\/05\/pitanja-i-odgovori-na-temu-elektronske-fiskalizacije\/\">link<\/a><\/p>\n<p>Osim WIN Fiskala mo\u017eete pogledati i <a href=\"https:\/\/e-fiskal.rs\/index.php\/bluetooth-printer\/\">bluetooth<\/a> printer ili <a href=\"https:\/\/e-fiskal.rs\/index.php\/sunmi-cloud-printer-57mm\/\"><strong>Sunmi \u0161tampa\u010d<\/strong><\/a> koji mo\u017eete koristiti za \u0161tampanje fiskalnih ra\u010duna.<\/p>\n<h2>WIN Fiskal fiskalna kasa<\/h2>\n","protected":false},"excerpt":{"rendered":"<p>Odaberite softversko re\u0161enje po svojoj meri za samo 1.200,00rsd\/mese\u010dno+PDV. Za sve poreske obveznike koji imaju laptop ili ra\u010dunar pripremili smo softverko re\u0161enje po njihovoj meri&#8230; Funkcionalnosti softvera za elektronsku fiskalizaciju Deo osnovnih funkcionalnosti koje se nalaze u okviru na\u0161eg softverskog resenja: kreiranje ra\u010duna kroz ikonice i\/ili internu \u0161ifru koje ozna\u010davaju vrstu usluge; editovanje postoje\u0107ih i [&hellip;]<\/p>\n","protected":false},"author":1,"featured_media":500,"parent":0,"menu_order":0,"comment_status":"open","ping_status":"open","template":"page-templates\/template-services.php","meta":{"footnotes":""},"class_list":["post-502","page","type-page","status-publish","has-post-thumbnail","hentry"],"yoast_head":"<!-- This site is optimized with the Yoast SEO plugin v27.1.1 - https:\/\/yoast.com\/product\/yoast-seo-wordpress\/ -->\n<title>WIN Fiskal fiskalna kasa - Elektronska Fiskalizacija<\/title>\n<meta name=\"description\" content=\"WIN Fiskal Fiskalna kasa za samo 1.200,00rsd\/mes+PDV. Za sve poreske obveznike fiskalna kasa na laptop ili desktop ra\u010dunaru.\" \/>\n<meta name=\"robots\" content=\"index, follow, max-snippet:-1, max-image-preview:large, max-video-preview:-1\" \/>\n<link rel=\"canonical\" href=\"https:\/\/e-fiskal.rs\/index.php\/win-fiskal-fiskalna-kasa\/\" \/>\n<meta property=\"og:locale\" content=\"en_US\" \/>\n<meta property=\"og:type\" content=\"article\" \/>\n<meta property=\"og:title\" content=\"WIN Fiskal fiskalna kasa - Elektronska Fiskalizacija\" \/>\n<meta property=\"og:description\" content=\"WIN Fiskal Fiskalna kasa za samo 1.200,00rsd\/mes+PDV. Za sve poreske obveznike fiskalna kasa na laptop ili desktop ra\u010dunaru.\" \/>\n<meta property=\"og:url\" content=\"https:\/\/e-fiskal.rs\/index.php\/win-fiskal-fiskalna-kasa\/\" \/>\n<meta property=\"og:site_name\" content=\"Elektronska Fiskalizacija\" \/>\n<meta property=\"article:modified_time\" content=\"2023-10-19T08:38:06+00:00\" \/>\n<meta property=\"og:image\" content=\"https:\/\/e-fiskal.rs\/wp-content\/uploads\/2021\/12\/stomatolog-lap-top-1000.png\" \/>\n\t<meta property=\"og:image:width\" content=\"1000\" \/>\n\t<meta property=\"og:image:height\" content=\"667\" \/>\n\t<meta property=\"og:image:type\" content=\"image\/png\" \/>\n<meta name=\"twitter:card\" content=\"summary_large_image\" \/>\n<meta name=\"twitter:label1\" content=\"Est. reading time\" \/>\n\t<meta name=\"twitter:data1\" content=\"2 minutes\" \/>\n<script type=\"application\/ld+json\" class=\"yoast-schema-graph\">{\"@context\":\"https:\/\/schema.org\",\"@graph\":[{\"@type\":\"WebPage\",\"@id\":\"https:\/\/e-fiskal.rs\/index.php\/win-fiskal-fiskalna-kasa\/\",\"url\":\"https:\/\/e-fiskal.rs\/index.php\/win-fiskal-fiskalna-kasa\/\",\"name\":\"WIN Fiskal fiskalna kasa - Elektronska Fiskalizacija\",\"isPartOf\":{\"@id\":\"https:\/\/e-fiskal.rs\/#website\"},\"primaryImageOfPage\":{\"@id\":\"https:\/\/e-fiskal.rs\/index.php\/win-fiskal-fiskalna-kasa\/#primaryimage\"},\"image\":{\"@id\":\"https:\/\/e-fiskal.rs\/index.php\/win-fiskal-fiskalna-kasa\/#primaryimage\"},\"thumbnailUrl\":\"https:\/\/e-fiskal.rs\/wp-content\/uploads\/2021\/12\/stomatolog-lap-top-1000.png\",\"datePublished\":\"2021-12-02T00:22:50+00:00\",\"dateModified\":\"2023-10-19T08:38:06+00:00\",\"description\":\"WIN Fiskal Fiskalna kasa za samo 1.200,00rsd\/mes+PDV. Za sve poreske obveznike fiskalna kasa na laptop ili desktop ra\u010dunaru.\",\"breadcrumb\":{\"@id\":\"https:\/\/e-fiskal.rs\/index.php\/win-fiskal-fiskalna-kasa\/#breadcrumb\"},\"inLanguage\":\"en-US\",\"potentialAction\":[{\"@type\":\"ReadAction\",\"target\":[\"https:\/\/e-fiskal.rs\/index.php\/win-fiskal-fiskalna-kasa\/\"]}]},{\"@type\":\"ImageObject\",\"inLanguage\":\"en-US\",\"@id\":\"https:\/\/e-fiskal.rs\/index.php\/win-fiskal-fiskalna-kasa\/#primaryimage\",\"url\":\"https:\/\/e-fiskal.rs\/wp-content\/uploads\/2021\/12\/stomatolog-lap-top-1000.png\",\"contentUrl\":\"https:\/\/e-fiskal.rs\/wp-content\/uploads\/2021\/12\/stomatolog-lap-top-1000.png\",\"width\":1000,\"height\":667},{\"@type\":\"BreadcrumbList\",\"@id\":\"https:\/\/e-fiskal.rs\/index.php\/win-fiskal-fiskalna-kasa\/#breadcrumb\",\"itemListElement\":[{\"@type\":\"ListItem\",\"position\":1,\"name\":\"Home\",\"item\":\"https:\/\/e-fiskal.rs\/\"},{\"@type\":\"ListItem\",\"position\":2,\"name\":\"WIN Fiskal fiskalna kasa\"}]},{\"@type\":\"WebSite\",\"@id\":\"https:\/\/e-fiskal.rs\/#website\",\"url\":\"https:\/\/e-fiskal.rs\/\",\"name\":\"Elektronska Fiskalizacija\",\"description\":\"Najbolja ponuda ure\u0111aja i softverskih re\u0161enja\",\"publisher\":{\"@id\":\"https:\/\/e-fiskal.rs\/#organization\"},\"potentialAction\":[{\"@type\":\"SearchAction\",\"target\":{\"@type\":\"EntryPoint\",\"urlTemplate\":\"https:\/\/e-fiskal.rs\/?s={search_term_string}\"},\"query-input\":{\"@type\":\"PropertyValueSpecification\",\"valueRequired\":true,\"valueName\":\"search_term_string\"}}],\"inLanguage\":\"en-US\"},{\"@type\":\"Organization\",\"@id\":\"https:\/\/e-fiskal.rs\/#organization\",\"name\":\"Elektronska Fiskalizacija\",\"url\":\"https:\/\/e-fiskal.rs\/\",\"logo\":{\"@type\":\"ImageObject\",\"inLanguage\":\"en-US\",\"@id\":\"https:\/\/e-fiskal.rs\/#\/schema\/logo\/image\/\",\"url\":\"https:\/\/e-fiskal.rs\/wp-content\/uploads\/2021\/09\/elektronska-fiskalizacija-logo-small.png\",\"contentUrl\":\"https:\/\/e-fiskal.rs\/wp-content\/uploads\/2021\/09\/elektronska-fiskalizacija-logo-small.png\",\"width\":120,\"height\":60,\"caption\":\"Elektronska Fiskalizacija\"},\"image\":{\"@id\":\"https:\/\/e-fiskal.rs\/#\/schema\/logo\/image\/\"}}]}<\/script>\n<!-- \/ Yoast SEO plugin. -->","yoast_head_json":{"title":"WIN Fiskal fiskalna kasa - Elektronska Fiskalizacija","description":"WIN Fiskal Fiskalna kasa za samo 1.200,00rsd\/mes+PDV. Za sve poreske obveznike fiskalna kasa na laptop ili desktop ra\u010dunaru.","robots":{"index":"index","follow":"follow","max-snippet":"max-snippet:-1","max-image-preview":"max-image-preview:large","max-video-preview":"max-video-preview:-1"},"canonical":"https:\/\/e-fiskal.rs\/index.php\/win-fiskal-fiskalna-kasa\/","og_locale":"en_US","og_type":"article","og_title":"WIN Fiskal fiskalna kasa - Elektronska Fiskalizacija","og_description":"WIN Fiskal Fiskalna kasa za samo 1.200,00rsd\/mes+PDV. Za sve poreske obveznike fiskalna kasa na laptop ili desktop ra\u010dunaru.","og_url":"https:\/\/e-fiskal.rs\/index.php\/win-fiskal-fiskalna-kasa\/","og_site_name":"Elektronska Fiskalizacija","article_modified_time":"2023-10-19T08:38:06+00:00","og_image":[{"width":1000,"height":667,"url":"https:\/\/e-fiskal.rs\/wp-content\/uploads\/2021\/12\/stomatolog-lap-top-1000.png","type":"image\/png"}],"twitter_card":"summary_large_image","twitter_misc":{"Est. reading time":"2 minutes"},"schema":{"@context":"https:\/\/schema.org","@graph":[{"@type":"WebPage","@id":"https:\/\/e-fiskal.rs\/index.php\/win-fiskal-fiskalna-kasa\/","url":"https:\/\/e-fiskal.rs\/index.php\/win-fiskal-fiskalna-kasa\/","name":"WIN Fiskal fiskalna kasa - Elektronska Fiskalizacija","isPartOf":{"@id":"https:\/\/e-fiskal.rs\/#website"},"primaryImageOfPage":{"@id":"https:\/\/e-fiskal.rs\/index.php\/win-fiskal-fiskalna-kasa\/#primaryimage"},"image":{"@id":"https:\/\/e-fiskal.rs\/index.php\/win-fiskal-fiskalna-kasa\/#primaryimage"},"thumbnailUrl":"https:\/\/e-fiskal.rs\/wp-content\/uploads\/2021\/12\/stomatolog-lap-top-1000.png","datePublished":"2021-12-02T00:22:50+00:00","dateModified":"2023-10-19T08:38:06+00:00","description":"WIN Fiskal Fiskalna kasa za samo 1.200,00rsd\/mes+PDV. Za sve poreske obveznike fiskalna kasa na laptop ili desktop ra\u010dunaru.","breadcrumb":{"@id":"https:\/\/e-fiskal.rs\/index.php\/win-fiskal-fiskalna-kasa\/#breadcrumb"},"inLanguage":"en-US","potentialAction":[{"@type":"ReadAction","target":["https:\/\/e-fiskal.rs\/index.php\/win-fiskal-fiskalna-kasa\/"]}]},{"@type":"ImageObject","inLanguage":"en-US","@id":"https:\/\/e-fiskal.rs\/index.php\/win-fiskal-fiskalna-kasa\/#primaryimage","url":"https:\/\/e-fiskal.rs\/wp-content\/uploads\/2021\/12\/stomatolog-lap-top-1000.png","contentUrl":"https:\/\/e-fiskal.rs\/wp-content\/uploads\/2021\/12\/stomatolog-lap-top-1000.png","width":1000,"height":667},{"@type":"BreadcrumbList","@id":"https:\/\/e-fiskal.rs\/index.php\/win-fiskal-fiskalna-kasa\/#breadcrumb","itemListElement":[{"@type":"ListItem","position":1,"name":"Home","item":"https:\/\/e-fiskal.rs\/"},{"@type":"ListItem","position":2,"name":"WIN Fiskal fiskalna kasa"}]},{"@type":"WebSite","@id":"https:\/\/e-fiskal.rs\/#website","url":"https:\/\/e-fiskal.rs\/","name":"Elektronska Fiskalizacija","description":"Najbolja ponuda ure\u0111aja i softverskih re\u0161enja","publisher":{"@id":"https:\/\/e-fiskal.rs\/#organization"},"potentialAction":[{"@type":"SearchAction","target":{"@type":"EntryPoint","urlTemplate":"https:\/\/e-fiskal.rs\/?s={search_term_string}"},"query-input":{"@type":"PropertyValueSpecification","valueRequired":true,"valueName":"search_term_string"}}],"inLanguage":"en-US"},{"@type":"Organization","@id":"https:\/\/e-fiskal.rs\/#organization","name":"Elektronska Fiskalizacija","url":"https:\/\/e-fiskal.rs\/","logo":{"@type":"ImageObject","inLanguage":"en-US","@id":"https:\/\/e-fiskal.rs\/#\/schema\/logo\/image\/","url":"https:\/\/e-fiskal.rs\/wp-content\/uploads\/2021\/09\/elektronska-fiskalizacija-logo-small.png","contentUrl":"https:\/\/e-fiskal.rs\/wp-content\/uploads\/2021\/09\/elektronska-fiskalizacija-logo-small.png","width":120,"height":60,"caption":"Elektronska Fiskalizacija"},"image":{"@id":"https:\/\/e-fiskal.rs\/#\/schema\/logo\/image\/"}}]}},"_links":{"self":[{"href":"https:\/\/e-fiskal.rs\/index.php\/wp-json\/wp\/v2\/pages\/502","targetHints":{"allow":["GET"]}}],"collection":[{"href":"https:\/\/e-fiskal.rs\/index.php\/wp-json\/wp\/v2\/pages"}],"about":[{"href":"https:\/\/e-fiskal.rs\/index.php\/wp-json\/wp\/v2\/types\/page"}],"author":[{"embeddable":true,"href":"https:\/\/e-fiskal.rs\/index.php\/wp-json\/wp\/v2\/users\/1"}],"replies":[{"embeddable":true,"href":"https:\/\/e-fiskal.rs\/index.php\/wp-json\/wp\/v2\/comments?post=502"}],"version-history":[{"count":7,"href":"https:\/\/e-fiskal.rs\/index.php\/wp-json\/wp\/v2\/pages\/502\/revisions"}],"predecessor-version":[{"id":829,"href":"https:\/\/e-fiskal.rs\/index.php\/wp-json\/wp\/v2\/pages\/502\/revisions\/829"}],"wp:featuredmedia":[{"embeddable":true,"href":"https:\/\/e-fiskal.rs\/index.php\/wp-json\/wp\/v2\/media\/500"}],"wp:attachment":[{"href":"https:\/\/e-fiskal.rs\/index.php\/wp-json\/wp\/v2\/media?parent=502"}],"curies":[{"name":"wp","href":"https:\/\/api.w.org\/{rel}","templated":true}]}}