{"id":53,"date":"2015-07-20T10:49:58","date_gmt":"2015-07-20T10:49:58","guid":{"rendered":"http:\/\/demo.themegrill.com\/himalayas\/?page_id=53"},"modified":"2023-10-19T08:20:00","modified_gmt":"2023-10-19T08:20:00","slug":"fiskalni-uredaj-imin-d1","status":"publish","type":"page","link":"https:\/\/e-fiskal.rs\/index.php\/fiskalni-uredaj-imin-d1\/","title":{"rendered":"Fiskalni ure\u0111aj Imin D1"},"content":{"rendered":"<p>Usluga e-Fiskal je idelna za maloprodajne objekte kao \u0161to su: pekare, butici, apoteke, lekarske i stomatolo\u0161ke ordinacije, fotokopirnice, prodavnice \u0161iroke robe, prodavnice auto delova, fitnes i SPA centre, kozmeti\u010dare, taksi slu\u017ebe, laboratorijske ambulante, poljoprivredne apoteke, cve\u0107are, tj za sve one poreske obveznike koji moraju izdati fiskalni ra\u010dun a koji su obuhvadeni Zakonom o fiskalizaciji.<\/p>\n<p>Odaberite softversko re\u0161enje po svojoj meri za samo 1.200,00rsd\/mese\u010dno+PDV. <strong>Cena 51,000 sa PDV<\/strong><\/p>\n<p><strong>Uredjaj namenjen<\/strong> za ugostiteljske objekte, prodavnice \u0161iroko potro\u0161nje, apoteke, itd..<\/p>\n<p><strong>Specifikacija ure\u0111aja <\/strong>D1 je nova generacija All-in-One POS ure\u0111aj sa visokim odzivom ekrana na dodir, brzinom i performansama, predstavlja buduc\u0301nost visokofunkcionalnog POS-a. 13&#8242; ekran, Android 11 OS<\/p>\n<p><img fetchpriority=\"high\" decoding=\"async\" class=\"size-full wp-image-773 aligncenter\" src=\"https:\/\/e-fiskal.rs\/wp-content\/uploads\/2022\/09\/imin-d1-elektronska-kasa.png\" alt=\"\" width=\"700\" height=\"492\" srcset=\"https:\/\/e-fiskal.rs\/wp-content\/uploads\/2022\/09\/imin-d1-elektronska-kasa.png 700w, https:\/\/e-fiskal.rs\/wp-content\/uploads\/2022\/09\/imin-d1-elektronska-kasa-600x422.png 600w, https:\/\/e-fiskal.rs\/wp-content\/uploads\/2022\/09\/imin-d1-elektronska-kasa-300x211.png 300w\" sizes=\"(max-width: 700px) 100vw, 700px\" \/><\/p>\n<h2>Elektronska fiskalizacija \/ uredjaj\u00a0 Imin D1<\/h2>\n<p>Novina sa kojom se svi privredni subjekti na teritoriji Rep. Srbije prvi put susrecu a na\u0161e softversko re\u0161enje (e-Fiskal) je spremno za pouzdan i jednostavan rad za novu fiskalizaciju.<\/p>\n<p><strong>Kupovina<\/strong> dostupno na stanju. Cena uskoro<\/p>\n<p><strong>Odaberite softversko re\u0161enje po svojoj meri za samo 1.200,00rsd\/mese\u010dno+PDV. Cena 51,000 sa PDV<\/strong><\/p>\n<h4>Moderno Softversko re\u0161enje<\/h4>\n<p>Idelno za razne maloprodajne objekte kao \u0161to su: apoteke, lekarske i stomatolo\u0161ke eordinacije, hoteli, prodavnice auto djelova, fitnes i SPA centre, kozmeti\u010dare, laboratorijske ambulante, poljoprivredne apoteke, cve\u0107are, tj za sve one koji moraju izdati elekronski fiskalni ra\u010dun.<\/p>\n<h4>Podr\u0161ka 24\/7\/365<\/h4>\n<p>Na\u0161im poslovnim korisnicima garantujemo sigurnost i kontinuitet u poslovanju, stru\u010dnu podr\u0161ku i vrhunsko korisni\u010dko iskustvo.<\/p>\n<p>Pri razvoju novih usluga, eFiskal se vodi \u010dinjenicom da svaka kompanija, u zavisnoti od obima posla i delatnosti koju obavlja, ima specifi\u010dne potrebe, zbog \u010dega smo kreirali programsko re\u0161enje po meri svakog biznisa.<\/p>\n","protected":false},"excerpt":{"rendered":"<p>Usluga e-Fiskal je idelna za maloprodajne objekte kao \u0161to su: pekare, butici, apoteke, lekarske i stomatolo\u0161ke ordinacije, fotokopirnice, prodavnice \u0161iroke robe, prodavnice auto delova, fitnes i SPA centre, kozmeti\u010dare, taksi slu\u017ebe, laboratorijske ambulante, poljoprivredne apoteke, cve\u0107are, tj za sve one poreske obveznike koji moraju izdati fiskalni ra\u010dun a koji su obuhvadeni Zakonom o fiskalizaciji. Odaberite [&hellip;]<\/p>\n","protected":false},"author":1,"featured_media":774,"parent":0,"menu_order":0,"comment_status":"open","ping_status":"closed","template":"page-templates\/template-services.php","meta":{"footnotes":""},"class_list":["post-53","page","type-page","status-publish","has-post-thumbnail","hentry"],"yoast_head":"<!-- This site is optimized with the Yoast SEO plugin v27.1.1 - https:\/\/yoast.com\/product\/yoast-seo-wordpress\/ -->\n<title>Fiskalni ure\u0111aj Imin D1 - Elektronska Fiskalizacija<\/title>\n<meta name=\"description\" content=\"Efiskal. Tu smo da vam pomognemo da \u0161to pre pre\u0111ete na elektronsku fiskalizaciju. eFiskal Fiskalna kasa i softversko resenje. Najpovoljnije.\" \/>\n<meta name=\"robots\" content=\"index, follow, max-snippet:-1, max-image-preview:large, max-video-preview:-1\" \/>\n<link rel=\"canonical\" href=\"https:\/\/e-fiskal.rs\/index.php\/fiskalni-uredaj-imin-d1\/\" \/>\n<meta property=\"og:locale\" content=\"en_US\" \/>\n<meta property=\"og:type\" content=\"article\" \/>\n<meta property=\"og:title\" content=\"Fiskalni ure\u0111aj Imin D1 - Elektronska Fiskalizacija\" \/>\n<meta property=\"og:description\" content=\"Efiskal. Tu smo da vam pomognemo da \u0161to pre pre\u0111ete na elektronsku fiskalizaciju. eFiskal Fiskalna kasa i softversko resenje. Najpovoljnije.\" \/>\n<meta property=\"og:url\" content=\"https:\/\/e-fiskal.rs\/index.php\/fiskalni-uredaj-imin-d1\/\" \/>\n<meta property=\"og:site_name\" content=\"Elektronska Fiskalizacija\" \/>\n<meta property=\"article:modified_time\" content=\"2023-10-19T08:20:00+00:00\" \/>\n<meta property=\"og:image\" content=\"https:\/\/e-fiskal.rs\/wp-content\/uploads\/2022\/09\/nova-fiskalna-kasa-imin-d1-elektronska-fiskalizacija-srbija.png\" \/>\n\t<meta property=\"og:image:width\" content=\"1200\" \/>\n\t<meta property=\"og:image:height\" content=\"628\" \/>\n\t<meta property=\"og:image:type\" content=\"image\/png\" \/>\n<meta name=\"twitter:card\" content=\"summary_large_image\" \/>\n<meta name=\"twitter:label1\" content=\"Est. reading time\" \/>\n\t<meta name=\"twitter:data1\" content=\"2 minutes\" \/>\n<script type=\"application\/ld+json\" class=\"yoast-schema-graph\">{\"@context\":\"https:\/\/schema.org\",\"@graph\":[{\"@type\":\"WebPage\",\"@id\":\"https:\/\/e-fiskal.rs\/index.php\/fiskalni-uredaj-imin-d1\/\",\"url\":\"https:\/\/e-fiskal.rs\/index.php\/fiskalni-uredaj-imin-d1\/\",\"name\":\"Fiskalni ure\u0111aj Imin D1 - Elektronska Fiskalizacija\",\"isPartOf\":{\"@id\":\"https:\/\/e-fiskal.rs\/#website\"},\"primaryImageOfPage\":{\"@id\":\"https:\/\/e-fiskal.rs\/index.php\/fiskalni-uredaj-imin-d1\/#primaryimage\"},\"image\":{\"@id\":\"https:\/\/e-fiskal.rs\/index.php\/fiskalni-uredaj-imin-d1\/#primaryimage\"},\"thumbnailUrl\":\"https:\/\/e-fiskal.rs\/wp-content\/uploads\/2022\/09\/nova-fiskalna-kasa-imin-d1-elektronska-fiskalizacija-srbija.png\",\"datePublished\":\"2015-07-20T10:49:58+00:00\",\"dateModified\":\"2023-10-19T08:20:00+00:00\",\"description\":\"Efiskal. Tu smo da vam pomognemo da \u0161to pre pre\u0111ete na elektronsku fiskalizaciju. eFiskal Fiskalna kasa i softversko resenje. Najpovoljnije.\",\"breadcrumb\":{\"@id\":\"https:\/\/e-fiskal.rs\/index.php\/fiskalni-uredaj-imin-d1\/#breadcrumb\"},\"inLanguage\":\"en-US\",\"potentialAction\":[{\"@type\":\"ReadAction\",\"target\":[\"https:\/\/e-fiskal.rs\/index.php\/fiskalni-uredaj-imin-d1\/\"]}]},{\"@type\":\"ImageObject\",\"inLanguage\":\"en-US\",\"@id\":\"https:\/\/e-fiskal.rs\/index.php\/fiskalni-uredaj-imin-d1\/#primaryimage\",\"url\":\"https:\/\/e-fiskal.rs\/wp-content\/uploads\/2022\/09\/nova-fiskalna-kasa-imin-d1-elektronska-fiskalizacija-srbija.png\",\"contentUrl\":\"https:\/\/e-fiskal.rs\/wp-content\/uploads\/2022\/09\/nova-fiskalna-kasa-imin-d1-elektronska-fiskalizacija-srbija.png\",\"width\":1200,\"height\":628},{\"@type\":\"BreadcrumbList\",\"@id\":\"https:\/\/e-fiskal.rs\/index.php\/fiskalni-uredaj-imin-d1\/#breadcrumb\",\"itemListElement\":[{\"@type\":\"ListItem\",\"position\":1,\"name\":\"Home\",\"item\":\"https:\/\/e-fiskal.rs\/\"},{\"@type\":\"ListItem\",\"position\":2,\"name\":\"Fiskalni ure\u0111aj Imin D1\"}]},{\"@type\":\"WebSite\",\"@id\":\"https:\/\/e-fiskal.rs\/#website\",\"url\":\"https:\/\/e-fiskal.rs\/\",\"name\":\"Elektronska Fiskalizacija\",\"description\":\"Najbolja ponuda ure\u0111aja i softverskih re\u0161enja\",\"publisher\":{\"@id\":\"https:\/\/e-fiskal.rs\/#organization\"},\"potentialAction\":[{\"@type\":\"SearchAction\",\"target\":{\"@type\":\"EntryPoint\",\"urlTemplate\":\"https:\/\/e-fiskal.rs\/?s={search_term_string}\"},\"query-input\":{\"@type\":\"PropertyValueSpecification\",\"valueRequired\":true,\"valueName\":\"search_term_string\"}}],\"inLanguage\":\"en-US\"},{\"@type\":\"Organization\",\"@id\":\"https:\/\/e-fiskal.rs\/#organization\",\"name\":\"Elektronska Fiskalizacija\",\"url\":\"https:\/\/e-fiskal.rs\/\",\"logo\":{\"@type\":\"ImageObject\",\"inLanguage\":\"en-US\",\"@id\":\"https:\/\/e-fiskal.rs\/#\/schema\/logo\/image\/\",\"url\":\"https:\/\/e-fiskal.rs\/wp-content\/uploads\/2021\/09\/elektronska-fiskalizacija-logo-small.png\",\"contentUrl\":\"https:\/\/e-fiskal.rs\/wp-content\/uploads\/2021\/09\/elektronska-fiskalizacija-logo-small.png\",\"width\":120,\"height\":60,\"caption\":\"Elektronska Fiskalizacija\"},\"image\":{\"@id\":\"https:\/\/e-fiskal.rs\/#\/schema\/logo\/image\/\"}}]}<\/script>\n<!-- \/ Yoast SEO plugin. -->","yoast_head_json":{"title":"Fiskalni ure\u0111aj Imin D1 - Elektronska Fiskalizacija","description":"Efiskal. Tu smo da vam pomognemo da \u0161to pre pre\u0111ete na elektronsku fiskalizaciju. eFiskal Fiskalna kasa i softversko resenje. Najpovoljnije.","robots":{"index":"index","follow":"follow","max-snippet":"max-snippet:-1","max-image-preview":"max-image-preview:large","max-video-preview":"max-video-preview:-1"},"canonical":"https:\/\/e-fiskal.rs\/index.php\/fiskalni-uredaj-imin-d1\/","og_locale":"en_US","og_type":"article","og_title":"Fiskalni ure\u0111aj Imin D1 - Elektronska Fiskalizacija","og_description":"Efiskal. Tu smo da vam pomognemo da \u0161to pre pre\u0111ete na elektronsku fiskalizaciju. eFiskal Fiskalna kasa i softversko resenje. Najpovoljnije.","og_url":"https:\/\/e-fiskal.rs\/index.php\/fiskalni-uredaj-imin-d1\/","og_site_name":"Elektronska Fiskalizacija","article_modified_time":"2023-10-19T08:20:00+00:00","og_image":[{"width":1200,"height":628,"url":"https:\/\/e-fiskal.rs\/wp-content\/uploads\/2022\/09\/nova-fiskalna-kasa-imin-d1-elektronska-fiskalizacija-srbija.png","type":"image\/png"}],"twitter_card":"summary_large_image","twitter_misc":{"Est. reading time":"2 minutes"},"schema":{"@context":"https:\/\/schema.org","@graph":[{"@type":"WebPage","@id":"https:\/\/e-fiskal.rs\/index.php\/fiskalni-uredaj-imin-d1\/","url":"https:\/\/e-fiskal.rs\/index.php\/fiskalni-uredaj-imin-d1\/","name":"Fiskalni ure\u0111aj Imin D1 - Elektronska Fiskalizacija","isPartOf":{"@id":"https:\/\/e-fiskal.rs\/#website"},"primaryImageOfPage":{"@id":"https:\/\/e-fiskal.rs\/index.php\/fiskalni-uredaj-imin-d1\/#primaryimage"},"image":{"@id":"https:\/\/e-fiskal.rs\/index.php\/fiskalni-uredaj-imin-d1\/#primaryimage"},"thumbnailUrl":"https:\/\/e-fiskal.rs\/wp-content\/uploads\/2022\/09\/nova-fiskalna-kasa-imin-d1-elektronska-fiskalizacija-srbija.png","datePublished":"2015-07-20T10:49:58+00:00","dateModified":"2023-10-19T08:20:00+00:00","description":"Efiskal. Tu smo da vam pomognemo da \u0161to pre pre\u0111ete na elektronsku fiskalizaciju. eFiskal Fiskalna kasa i softversko resenje. Najpovoljnije.","breadcrumb":{"@id":"https:\/\/e-fiskal.rs\/index.php\/fiskalni-uredaj-imin-d1\/#breadcrumb"},"inLanguage":"en-US","potentialAction":[{"@type":"ReadAction","target":["https:\/\/e-fiskal.rs\/index.php\/fiskalni-uredaj-imin-d1\/"]}]},{"@type":"ImageObject","inLanguage":"en-US","@id":"https:\/\/e-fiskal.rs\/index.php\/fiskalni-uredaj-imin-d1\/#primaryimage","url":"https:\/\/e-fiskal.rs\/wp-content\/uploads\/2022\/09\/nova-fiskalna-kasa-imin-d1-elektronska-fiskalizacija-srbija.png","contentUrl":"https:\/\/e-fiskal.rs\/wp-content\/uploads\/2022\/09\/nova-fiskalna-kasa-imin-d1-elektronska-fiskalizacija-srbija.png","width":1200,"height":628},{"@type":"BreadcrumbList","@id":"https:\/\/e-fiskal.rs\/index.php\/fiskalni-uredaj-imin-d1\/#breadcrumb","itemListElement":[{"@type":"ListItem","position":1,"name":"Home","item":"https:\/\/e-fiskal.rs\/"},{"@type":"ListItem","position":2,"name":"Fiskalni ure\u0111aj Imin D1"}]},{"@type":"WebSite","@id":"https:\/\/e-fiskal.rs\/#website","url":"https:\/\/e-fiskal.rs\/","name":"Elektronska Fiskalizacija","description":"Najbolja ponuda ure\u0111aja i softverskih re\u0161enja","publisher":{"@id":"https:\/\/e-fiskal.rs\/#organization"},"potentialAction":[{"@type":"SearchAction","target":{"@type":"EntryPoint","urlTemplate":"https:\/\/e-fiskal.rs\/?s={search_term_string}"},"query-input":{"@type":"PropertyValueSpecification","valueRequired":true,"valueName":"search_term_string"}}],"inLanguage":"en-US"},{"@type":"Organization","@id":"https:\/\/e-fiskal.rs\/#organization","name":"Elektronska Fiskalizacija","url":"https:\/\/e-fiskal.rs\/","logo":{"@type":"ImageObject","inLanguage":"en-US","@id":"https:\/\/e-fiskal.rs\/#\/schema\/logo\/image\/","url":"https:\/\/e-fiskal.rs\/wp-content\/uploads\/2021\/09\/elektronska-fiskalizacija-logo-small.png","contentUrl":"https:\/\/e-fiskal.rs\/wp-content\/uploads\/2021\/09\/elektronska-fiskalizacija-logo-small.png","width":120,"height":60,"caption":"Elektronska Fiskalizacija"},"image":{"@id":"https:\/\/e-fiskal.rs\/#\/schema\/logo\/image\/"}}]}},"_links":{"self":[{"href":"https:\/\/e-fiskal.rs\/index.php\/wp-json\/wp\/v2\/pages\/53","targetHints":{"allow":["GET"]}}],"collection":[{"href":"https:\/\/e-fiskal.rs\/index.php\/wp-json\/wp\/v2\/pages"}],"about":[{"href":"https:\/\/e-fiskal.rs\/index.php\/wp-json\/wp\/v2\/types\/page"}],"author":[{"embeddable":true,"href":"https:\/\/e-fiskal.rs\/index.php\/wp-json\/wp\/v2\/users\/1"}],"replies":[{"embeddable":true,"href":"https:\/\/e-fiskal.rs\/index.php\/wp-json\/wp\/v2\/comments?post=53"}],"version-history":[{"count":20,"href":"https:\/\/e-fiskal.rs\/index.php\/wp-json\/wp\/v2\/pages\/53\/revisions"}],"predecessor-version":[{"id":819,"href":"https:\/\/e-fiskal.rs\/index.php\/wp-json\/wp\/v2\/pages\/53\/revisions\/819"}],"wp:featuredmedia":[{"embeddable":true,"href":"https:\/\/e-fiskal.rs\/index.php\/wp-json\/wp\/v2\/media\/774"}],"wp:attachment":[{"href":"https:\/\/e-fiskal.rs\/index.php\/wp-json\/wp\/v2\/media?parent=53"}],"curies":[{"name":"wp","href":"https:\/\/api.w.org\/{rel}","templated":true}]}}