{"id":7,"date":"2015-07-20T09:13:12","date_gmt":"2015-07-20T09:13:12","guid":{"rendered":"http:\/\/demo.themegrill.com\/himalayas\/?page_id=7"},"modified":"2023-10-19T07:43:42","modified_gmt":"2023-10-19T07:43:42","slug":"nova-fiskalna-kasa","status":"publish","type":"page","link":"https:\/\/e-fiskal.rs\/index.php\/nova-fiskalna-kasa\/","title":{"rendered":"Fiskalna kasa za samo 1200 din\/mes+PDV"},"content":{"rendered":"<p>Uskladite poslovanje za samo 1,200.00 din\/mese\u010dno+PDV sa zakonskim propisima. Pouzdan poslovni softver za elektronsku fiskalizaciju. Iskoristite povoljnosti koje Vam nudi na\u0161e softversko re\u0161enje. Va\u0161 partner za proces elektronske fiskalizacije.<\/p>\n<h4>Softverska fiskalna kasa za samo 1.200,00din\/mese\u010dno+PDV.<\/h4>\n<p><!--more--><\/p>\n<p>Idelno za razne maloprodajne objekte kao \u0161to su: apoteke, lekarske i stomatolo\u0161ke eordinacije, hoteli, prodavnice auto djelova, fitnes i SPA centre, kozmeti\u010dare, laboratorijske ambulante, poljoprivredne apoteke, cve\u0107are, tj za sve one koji moraju izdati elekronski fiskalni ra\u010dun.<\/p>\n<p><img fetchpriority=\"high\" decoding=\"async\" class=\"wp-image-386 size-full\" title=\"elektronska fiskaliyacija\" src=\"https:\/\/e-fiskal.rs\/wp-content\/uploads\/2021\/09\/elektronska-fiskalizacija-maloprodaja.png\" alt=\"\" width=\"680\" height=\"99\" srcset=\"https:\/\/e-fiskal.rs\/wp-content\/uploads\/2021\/09\/elektronska-fiskalizacija-maloprodaja.png 680w, https:\/\/e-fiskal.rs\/wp-content\/uploads\/2021\/09\/elektronska-fiskalizacija-maloprodaja-600x87.png 600w, https:\/\/e-fiskal.rs\/wp-content\/uploads\/2021\/09\/elektronska-fiskalizacija-maloprodaja-300x44.png 300w\" sizes=\"(max-width: 680px) 100vw, 680px\" \/><\/p>\n<h2 class=\"mceTemp\">Nova fiskalna kasa za va\u0161 dobar i uspe\u0161an po\u010detak<\/h2>\n<p>U zavisnoti od obima posla i delatnosti koju obavljate kreirano je programsko re\u0161enje po meri svakog biznisa. Na\u0161im poslovnim korisnicima garantujemo sigurnost i kontinuitet u poslovanju, stru\u010dnu podr\u0161ku i vrhunsko korisni\u010dko iskustvo.<\/p>\n<p>Elektronska fiskalizacije je novina sa kojom se svi privredni subjekti na teritoriji Republike Srbije prvi put susre\u0107u i mi smo pripremili softversko re\u0161enje koje je spremno za pouzdan i jednostavan rad za novu elekrtonsku fiskalzaciju.<\/p>\n<p>Osim standardnih i naprednih funkcionalnosti koje eFiskal poseduje, eFiskal je mogude povezati sa ostalim softverskim re\u0161enjima koje sada koristite u va\u0161im maloprodajnim objektima \u0161to de va\u0161im zaposlenima omoguditi lak\u0161i rad nakon 30. Aprila 2022.<\/p>\n<h2>Funkcionalnosti koje eFiskal poseduje:<\/h2>\n<p>Izdavanje gotovinskih ra\u010duna;<br \/>\nIzdavanje korektivnih ra\u010duna;<br \/>\nUnos artikala i usluga po grupama;<br \/>\nUnos, ure\u0111ivanje i a\u017euriranje kupaca i dobavlja\u010da;<br \/>\nOdobravanje popusta;<br \/>\nPra\u0107enje stanja zaliha;<br \/>\nUnos inventar\/robe;<br \/>\nPode\u0161avanje razli\u010ditih oblika pla\u0107anja (kartica, gotovina, virmansko pla\u0107anje);<br \/>\nIzve\u0161taj za knjigovodstvo;<br \/>\nIzvoz (Export) podataka u csv file;<br \/>\nMogu\u0107nost slanja SMS reminder (podsetnik) za rezervacije, zakazane termine, itd.<\/p>\n<p>Unapredite svoje poslovanje, bez ugovorne obaveze. Fiskalizujte se na vreme. Softverska fiskalna kasa za <b>1.200,00din\/mese\u010dno+PDV<\/b>. Za sve klijente koji se odlu\u010de za na\u0161e softversko re\u0161enje dok traje prelazni (PROMO) period tj do 30.04.2022. odobravamo popust od 50%.<\/p>\n<p>Softversku <b>e-<\/b>Fiskal licenu (EFU) mo\u017eete koristiti na bilo kojem ure\u0111aju koji se nalazi u nekom od va\u0161ih maloprodajnih objekata.<\/p>\n<p>Mi vodimo ra\u010duna o tome da postoji stalna uskla\u0111enost sa zakonskim promenana koji se automatski nadgra\u0111uju u softverskom re\u0161enju koje koristite u va\u0161im maloprodajnim objektima.<\/p>\n<h3><strong>Ono \u0161to treba da znate &#8211; elektronska fiskalizacija<\/strong><\/h3>\n<p><img decoding=\"async\" class=\"alignright wp-image-482 size-medium\" title=\"nova fiskalna kasa\" src=\"https:\/\/e-fiskal.rs\/wp-content\/uploads\/2021\/12\/fiskalna-kasa-cs30pro-elektronska-fiskalizacija-300x225.png\" alt=\"nova fiskalna kasa\" width=\"300\" height=\"225\" srcset=\"https:\/\/e-fiskal.rs\/wp-content\/uploads\/2021\/12\/fiskalna-kasa-cs30pro-elektronska-fiskalizacija-300x225.png 300w, https:\/\/e-fiskal.rs\/wp-content\/uploads\/2021\/12\/fiskalna-kasa-cs30pro-elektronska-fiskalizacija-600x450.png 600w, https:\/\/e-fiskal.rs\/wp-content\/uploads\/2021\/12\/fiskalna-kasa-cs30pro-elektronska-fiskalizacija-768x576.png 768w, https:\/\/e-fiskal.rs\/wp-content\/uploads\/2021\/12\/fiskalna-kasa-cs30pro-elektronska-fiskalizacija.png 1024w\" sizes=\"(max-width: 300px) 100vw, 300px\" \/><\/p>\n<p>\u0160tampa fiskalizovanih elektronskih ra\u010duna dozvoljena je na bilo kom tipu \u0161tampa\u010da i slobodan je izbor poreskog obveznika. Ovi \u0161tampa\u010di ne moraju imati fiskalnu memoriju. \u0160tampa ra\u010duna se obavlja na termalnom printeru.<\/p>\n<h4>Softverska fiskalna kasa za windows desktop i laptop ra\u010dunare, <a href=\"https:\/\/e-fiskal.rs\/index.php\/win-fiskal\/\">pogledajte<\/a><\/h4>\n<p>Elektronski fiskalni ure\u0111aj (EFU) mo\u017ee biti bilo koji ure\u0111aj (kompjuter, smartphone, All-in-One, tablet, itd) koji u sebi ima instaliran softver (eFiskal) za dvosmernu komunikaciju sa Poreskom upravom. Ra\u010dun potpisan bezbedonosnim elementom se prilikom izdavanja putem softvera, \u0161alje Poreskoj upravi koja isti verifikuje, tj overava i \u0161alje nazad na \u0161tampu.<\/p>\n<h2 class=\"mceTemp\">Nova fiskalna kasa za va\u0161 dobar i uspe\u0161an po\u010detak.<\/h2>\n<p>Pogledajte zakon o fiskalizaciji, klikom na <a href=\"https:\/\/e-fiskal.rs\/wp-content\/uploads\/2015\/07\/Zakon-o-fiskalizaciji.pdf\">link<\/a><\/p>\n","protected":false},"excerpt":{"rendered":"<p>Uskladite poslovanje sa zakonskim propisima. Pouzdan poslovni softver za elektronsku fiskalizaciju. Iskoristite povoljnosti koje Vam nudi na\u0161e softversko re\u0161enje. Va\u0161 partner za proces elektronske fiskalizacije.<\/p>\n<p>U zavisnoti od obima posla i delatnosti koju obavljate kreirano je programsko re\u0161enje po meri svakog biznisa. Na\u0161im poslovnim korisnicima garantujemo sigurnost i kontinuitet u poslovanju, stru\u010dnu podr\u0161ku i vrhunsko korisni\u010dko iskustvo.<\/p>\n<p>Tro\u0161kovi e-fiskalizacije pokriveni su subvencijom u iznosu 200\u20ac.<\/p>\n","protected":false},"author":1,"featured_media":475,"parent":0,"menu_order":0,"comment_status":"open","ping_status":"closed","template":"","meta":{"footnotes":""},"class_list":["post-7","page","type-page","status-publish","has-post-thumbnail","hentry"],"yoast_head":"<!-- This site is optimized with the Yoast SEO plugin v27.1.1 - https:\/\/yoast.com\/product\/yoast-seo-wordpress\/ -->\n<title>Fiskalna kasa za samo 1200 din\/mes+PDV - Elektronska Fiskalizacija<\/title>\n<meta name=\"description\" content=\"Fiskalna kasa je pouzdan poslovni softver za elektronsku fiskalizaciju. Iskoristite povoljnosti koje Vam nudi na\u0161e softversko re\u0161enje\" \/>\n<meta name=\"robots\" content=\"index, follow, max-snippet:-1, max-image-preview:large, max-video-preview:-1\" \/>\n<link rel=\"canonical\" href=\"https:\/\/e-fiskal.rs\/index.php\/nova-fiskalna-kasa\/\" \/>\n<meta property=\"og:locale\" content=\"en_US\" \/>\n<meta property=\"og:type\" content=\"article\" \/>\n<meta property=\"og:title\" content=\"Fiskalna kasa za samo 1200 din\/mes+PDV - Elektronska Fiskalizacija\" \/>\n<meta property=\"og:description\" content=\"Fiskalna kasa je pouzdan poslovni softver za elektronsku fiskalizaciju. Iskoristite povoljnosti koje Vam nudi na\u0161e softversko re\u0161enje\" \/>\n<meta property=\"og:url\" content=\"https:\/\/e-fiskal.rs\/index.php\/nova-fiskalna-kasa\/\" \/>\n<meta property=\"og:site_name\" content=\"Elektronska Fiskalizacija\" \/>\n<meta property=\"article:modified_time\" content=\"2023-10-19T07:43:42+00:00\" \/>\n<meta property=\"og:image\" content=\"https:\/\/e-fiskal.rs\/wp-content\/uploads\/2021\/10\/fiskalna-kasa-efu.png\" \/>\n\t<meta property=\"og:image:width\" content=\"1024\" \/>\n\t<meta property=\"og:image:height\" content=\"768\" \/>\n\t<meta property=\"og:image:type\" content=\"image\/png\" \/>\n<meta name=\"twitter:card\" content=\"summary_large_image\" \/>\n<meta name=\"twitter:label1\" content=\"Est. reading time\" \/>\n\t<meta name=\"twitter:data1\" content=\"3 minutes\" \/>\n<script type=\"application\/ld+json\" class=\"yoast-schema-graph\">{\"@context\":\"https:\/\/schema.org\",\"@graph\":[{\"@type\":\"WebPage\",\"@id\":\"https:\/\/e-fiskal.rs\/index.php\/nova-fiskalna-kasa\/\",\"url\":\"https:\/\/e-fiskal.rs\/index.php\/nova-fiskalna-kasa\/\",\"name\":\"Fiskalna kasa za samo 1200 din\/mes+PDV - Elektronska Fiskalizacija\",\"isPartOf\":{\"@id\":\"https:\/\/e-fiskal.rs\/#website\"},\"primaryImageOfPage\":{\"@id\":\"https:\/\/e-fiskal.rs\/index.php\/nova-fiskalna-kasa\/#primaryimage\"},\"image\":{\"@id\":\"https:\/\/e-fiskal.rs\/index.php\/nova-fiskalna-kasa\/#primaryimage\"},\"thumbnailUrl\":\"https:\/\/e-fiskal.rs\/wp-content\/uploads\/2021\/10\/fiskalna-kasa-efu.png\",\"datePublished\":\"2015-07-20T09:13:12+00:00\",\"dateModified\":\"2023-10-19T07:43:42+00:00\",\"description\":\"Fiskalna kasa je pouzdan poslovni softver za elektronsku fiskalizaciju. Iskoristite povoljnosti koje Vam nudi na\u0161e softversko re\u0161enje\",\"breadcrumb\":{\"@id\":\"https:\/\/e-fiskal.rs\/index.php\/nova-fiskalna-kasa\/#breadcrumb\"},\"inLanguage\":\"en-US\",\"potentialAction\":[{\"@type\":\"ReadAction\",\"target\":[\"https:\/\/e-fiskal.rs\/index.php\/nova-fiskalna-kasa\/\"]}]},{\"@type\":\"ImageObject\",\"inLanguage\":\"en-US\",\"@id\":\"https:\/\/e-fiskal.rs\/index.php\/nova-fiskalna-kasa\/#primaryimage\",\"url\":\"https:\/\/e-fiskal.rs\/wp-content\/uploads\/2021\/10\/fiskalna-kasa-efu.png\",\"contentUrl\":\"https:\/\/e-fiskal.rs\/wp-content\/uploads\/2021\/10\/fiskalna-kasa-efu.png\",\"width\":1024,\"height\":768},{\"@type\":\"BreadcrumbList\",\"@id\":\"https:\/\/e-fiskal.rs\/index.php\/nova-fiskalna-kasa\/#breadcrumb\",\"itemListElement\":[{\"@type\":\"ListItem\",\"position\":1,\"name\":\"Home\",\"item\":\"https:\/\/e-fiskal.rs\/\"},{\"@type\":\"ListItem\",\"position\":2,\"name\":\"Fiskalna kasa za samo 1200 din\/mes+PDV\"}]},{\"@type\":\"WebSite\",\"@id\":\"https:\/\/e-fiskal.rs\/#website\",\"url\":\"https:\/\/e-fiskal.rs\/\",\"name\":\"Elektronska Fiskalizacija\",\"description\":\"Najbolja ponuda ure\u0111aja i softverskih re\u0161enja\",\"publisher\":{\"@id\":\"https:\/\/e-fiskal.rs\/#organization\"},\"potentialAction\":[{\"@type\":\"SearchAction\",\"target\":{\"@type\":\"EntryPoint\",\"urlTemplate\":\"https:\/\/e-fiskal.rs\/?s={search_term_string}\"},\"query-input\":{\"@type\":\"PropertyValueSpecification\",\"valueRequired\":true,\"valueName\":\"search_term_string\"}}],\"inLanguage\":\"en-US\"},{\"@type\":\"Organization\",\"@id\":\"https:\/\/e-fiskal.rs\/#organization\",\"name\":\"Elektronska Fiskalizacija\",\"url\":\"https:\/\/e-fiskal.rs\/\",\"logo\":{\"@type\":\"ImageObject\",\"inLanguage\":\"en-US\",\"@id\":\"https:\/\/e-fiskal.rs\/#\/schema\/logo\/image\/\",\"url\":\"https:\/\/e-fiskal.rs\/wp-content\/uploads\/2021\/09\/elektronska-fiskalizacija-logo-small.png\",\"contentUrl\":\"https:\/\/e-fiskal.rs\/wp-content\/uploads\/2021\/09\/elektronska-fiskalizacija-logo-small.png\",\"width\":120,\"height\":60,\"caption\":\"Elektronska Fiskalizacija\"},\"image\":{\"@id\":\"https:\/\/e-fiskal.rs\/#\/schema\/logo\/image\/\"}}]}<\/script>\n<!-- \/ Yoast SEO plugin. -->","yoast_head_json":{"title":"Fiskalna kasa za samo 1200 din\/mes+PDV - Elektronska Fiskalizacija","description":"Fiskalna kasa je pouzdan poslovni softver za elektronsku fiskalizaciju. Iskoristite povoljnosti koje Vam nudi na\u0161e softversko re\u0161enje","robots":{"index":"index","follow":"follow","max-snippet":"max-snippet:-1","max-image-preview":"max-image-preview:large","max-video-preview":"max-video-preview:-1"},"canonical":"https:\/\/e-fiskal.rs\/index.php\/nova-fiskalna-kasa\/","og_locale":"en_US","og_type":"article","og_title":"Fiskalna kasa za samo 1200 din\/mes+PDV - Elektronska Fiskalizacija","og_description":"Fiskalna kasa je pouzdan poslovni softver za elektronsku fiskalizaciju. Iskoristite povoljnosti koje Vam nudi na\u0161e softversko re\u0161enje","og_url":"https:\/\/e-fiskal.rs\/index.php\/nova-fiskalna-kasa\/","og_site_name":"Elektronska Fiskalizacija","article_modified_time":"2023-10-19T07:43:42+00:00","og_image":[{"width":1024,"height":768,"url":"https:\/\/e-fiskal.rs\/wp-content\/uploads\/2021\/10\/fiskalna-kasa-efu.png","type":"image\/png"}],"twitter_card":"summary_large_image","twitter_misc":{"Est. reading time":"3 minutes"},"schema":{"@context":"https:\/\/schema.org","@graph":[{"@type":"WebPage","@id":"https:\/\/e-fiskal.rs\/index.php\/nova-fiskalna-kasa\/","url":"https:\/\/e-fiskal.rs\/index.php\/nova-fiskalna-kasa\/","name":"Fiskalna kasa za samo 1200 din\/mes+PDV - Elektronska Fiskalizacija","isPartOf":{"@id":"https:\/\/e-fiskal.rs\/#website"},"primaryImageOfPage":{"@id":"https:\/\/e-fiskal.rs\/index.php\/nova-fiskalna-kasa\/#primaryimage"},"image":{"@id":"https:\/\/e-fiskal.rs\/index.php\/nova-fiskalna-kasa\/#primaryimage"},"thumbnailUrl":"https:\/\/e-fiskal.rs\/wp-content\/uploads\/2021\/10\/fiskalna-kasa-efu.png","datePublished":"2015-07-20T09:13:12+00:00","dateModified":"2023-10-19T07:43:42+00:00","description":"Fiskalna kasa je pouzdan poslovni softver za elektronsku fiskalizaciju. Iskoristite povoljnosti koje Vam nudi na\u0161e softversko re\u0161enje","breadcrumb":{"@id":"https:\/\/e-fiskal.rs\/index.php\/nova-fiskalna-kasa\/#breadcrumb"},"inLanguage":"en-US","potentialAction":[{"@type":"ReadAction","target":["https:\/\/e-fiskal.rs\/index.php\/nova-fiskalna-kasa\/"]}]},{"@type":"ImageObject","inLanguage":"en-US","@id":"https:\/\/e-fiskal.rs\/index.php\/nova-fiskalna-kasa\/#primaryimage","url":"https:\/\/e-fiskal.rs\/wp-content\/uploads\/2021\/10\/fiskalna-kasa-efu.png","contentUrl":"https:\/\/e-fiskal.rs\/wp-content\/uploads\/2021\/10\/fiskalna-kasa-efu.png","width":1024,"height":768},{"@type":"BreadcrumbList","@id":"https:\/\/e-fiskal.rs\/index.php\/nova-fiskalna-kasa\/#breadcrumb","itemListElement":[{"@type":"ListItem","position":1,"name":"Home","item":"https:\/\/e-fiskal.rs\/"},{"@type":"ListItem","position":2,"name":"Fiskalna kasa za samo 1200 din\/mes+PDV"}]},{"@type":"WebSite","@id":"https:\/\/e-fiskal.rs\/#website","url":"https:\/\/e-fiskal.rs\/","name":"Elektronska Fiskalizacija","description":"Najbolja ponuda ure\u0111aja i softverskih re\u0161enja","publisher":{"@id":"https:\/\/e-fiskal.rs\/#organization"},"potentialAction":[{"@type":"SearchAction","target":{"@type":"EntryPoint","urlTemplate":"https:\/\/e-fiskal.rs\/?s={search_term_string}"},"query-input":{"@type":"PropertyValueSpecification","valueRequired":true,"valueName":"search_term_string"}}],"inLanguage":"en-US"},{"@type":"Organization","@id":"https:\/\/e-fiskal.rs\/#organization","name":"Elektronska Fiskalizacija","url":"https:\/\/e-fiskal.rs\/","logo":{"@type":"ImageObject","inLanguage":"en-US","@id":"https:\/\/e-fiskal.rs\/#\/schema\/logo\/image\/","url":"https:\/\/e-fiskal.rs\/wp-content\/uploads\/2021\/09\/elektronska-fiskalizacija-logo-small.png","contentUrl":"https:\/\/e-fiskal.rs\/wp-content\/uploads\/2021\/09\/elektronska-fiskalizacija-logo-small.png","width":120,"height":60,"caption":"Elektronska Fiskalizacija"},"image":{"@id":"https:\/\/e-fiskal.rs\/#\/schema\/logo\/image\/"}}]}},"_links":{"self":[{"href":"https:\/\/e-fiskal.rs\/index.php\/wp-json\/wp\/v2\/pages\/7","targetHints":{"allow":["GET"]}}],"collection":[{"href":"https:\/\/e-fiskal.rs\/index.php\/wp-json\/wp\/v2\/pages"}],"about":[{"href":"https:\/\/e-fiskal.rs\/index.php\/wp-json\/wp\/v2\/types\/page"}],"author":[{"embeddable":true,"href":"https:\/\/e-fiskal.rs\/index.php\/wp-json\/wp\/v2\/users\/1"}],"replies":[{"embeddable":true,"href":"https:\/\/e-fiskal.rs\/index.php\/wp-json\/wp\/v2\/comments?post=7"}],"version-history":[{"count":20,"href":"https:\/\/e-fiskal.rs\/index.php\/wp-json\/wp\/v2\/pages\/7\/revisions"}],"predecessor-version":[{"id":800,"href":"https:\/\/e-fiskal.rs\/index.php\/wp-json\/wp\/v2\/pages\/7\/revisions\/800"}],"wp:featuredmedia":[{"embeddable":true,"href":"https:\/\/e-fiskal.rs\/index.php\/wp-json\/wp\/v2\/media\/475"}],"wp:attachment":[{"href":"https:\/\/e-fiskal.rs\/index.php\/wp-json\/wp\/v2\/media?parent=7"}],"curies":[{"name":"wp","href":"https:\/\/api.w.org\/{rel}","templated":true}]}}