{"id":801,"date":"2021-10-19T07:45:58","date_gmt":"2021-10-19T07:45:58","guid":{"rendered":"https:\/\/e-fiskal.rs\/?page_id=801"},"modified":"2025-06-06T13:55:25","modified_gmt":"2025-06-06T13:55:25","slug":"fiskalna-kasa-imin-swan-2","status":"publish","type":"page","link":"https:\/\/e-fiskal.rs\/index.php\/fiskalna-kasa-imin-swan-2\/","title":{"rendered":"Fiskalna kasa Imin Swan 2"},"content":{"rendered":"<h1 class=\"entry-title\">Elektronska Fiskalizacija \/eFiskal<\/h1>\n<div class=\"entry-content\">\n<p>Fiskalizuj se na vreme. Do\u0161lo je vreme za e-fiskalizaciju. Tu smo da vam pomognemo da \u0161to pre pre\u0111ete na elektronsku fiskalizaciju.<\/p>\n<\/div>\n<p>Odaberite softversko re\u0161enje po svojoj meri za samo 1.200,00rsd\/mese\u010dno+PDV.<\/p>\n<p><b>Imin Swan 2<\/b>\u00a0\u2013 nova generacija Smart ure\u0111aja koja podi\u017ee standarde poslovanja. Moderan dizajn, vrhunske performanse i intuitivno kori\u0161\u0107enje \u010dine ga savr\u0161enim izborom za sve savremene poslovne potrebe. Namenjen je onima koji o\u010dekuju vi\u0161e od standardnog POS terminala.\u00a0<b>Swan 2<\/b>\u00a0je idealno re\u0161enje za maloprodaju, ugostiteljstvo, pekare, apoteke, radnje me\u0161ovite robe, kafeterije i sve druge poslovne modele kojima je potrebno pouzdano i fleksibilno kori\u0161\u0107enje ESIR funkcionalnosti.<\/p>\n<h3><u>Specifikacija uredjaja:<\/u><\/h3>\n<div><b>OS:<\/b>\u00a0Android 13<\/div>\n<div><b>CPU:<\/b>\u00a0 8-Core, Octa*A55, 2.0GHz<\/div>\n<div><b>Memory:<\/b>\u00a04GB+64GB<\/div>\n<div><b>Display:<\/b>\u00a015.6&#8243; 1920&#215;1080 FHD 250Nit Touch screen<\/div>\n<div><b>Communications:<\/b>\u00a0WiFi6, Bluetooth5.4, (support NFC)<\/div>\n<div><b>Hardware:<\/b>\u00a01.5W Speaker<\/div>\n<div><b>Interface:<\/b>\u00a0USB-A 2.0*4, USB-A 3.0*1, USB-C*1, Earphone *1, TF Card*1, RJ11*1,RJ12*1, RJ45*1\uff0cHDMI*1<\/div>\n<div><b>Power:<\/b>\u00a0DC 24V\/1.5A<\/div>\n<p><img fetchpriority=\"high\" decoding=\"async\" class=\"alignnone size-full wp-image-857\" src=\"https:\/\/e-fiskal.rs\/wp-content\/uploads\/2025\/06\/eFiskal-fissoft-imin-swan-2.png\" alt=\"\" width=\"1377\" height=\"1043\" srcset=\"https:\/\/e-fiskal.rs\/wp-content\/uploads\/2025\/06\/eFiskal-fissoft-imin-swan-2.png 1377w, https:\/\/e-fiskal.rs\/wp-content\/uploads\/2025\/06\/eFiskal-fissoft-imin-swan-2-600x454.png 600w, https:\/\/e-fiskal.rs\/wp-content\/uploads\/2025\/06\/eFiskal-fissoft-imin-swan-2-300x227.png 300w, https:\/\/e-fiskal.rs\/wp-content\/uploads\/2025\/06\/eFiskal-fissoft-imin-swan-2-1024x776.png 1024w, https:\/\/e-fiskal.rs\/wp-content\/uploads\/2025\/06\/eFiskal-fissoft-imin-swan-2-768x582.png 768w\" sizes=\"(max-width: 1377px) 100vw, 1377px\" \/><\/p>\n<p>&nbsp;<\/p>\n<p><strong>Odaberite softversko re\u0161enje po svojoj meri \u2013 ve\u0107 od 1.200,00 RSD mese\u010dno + PDV.<\/strong><\/p>\n<h4>Podr\u0161ka 24\/7\/365<\/h4>\n<p>Moderno softversko re\u0161enje<br data-start=\"577\" data-end=\"580\" \/>Idealan izbor za razli\u010dite maloprodajne objekte kao \u0161to su apoteke, lekarske i stomatolo\u0161ke ordinacije, hoteli, prodavnice auto-delova, fitnes i SPA centri, kozmeti\u010dki saloni, laboratorijske ambulante, poljoprivredne apoteke, cve\u0107are i sve druge delatnosti koje imaju obavezu izdavanja elektronskih fiskalnih ra\u010duna.<\/p>\n<p>&nbsp;<\/p>\n<p><img decoding=\"async\" class=\"alignnone size-full wp-image-858\" src=\"https:\/\/e-fiskal.rs\/wp-content\/uploads\/2025\/06\/eFiskal-fissoft-imin-swan-2-fiskal-app.png\" alt=\"\" width=\"1377\" height=\"786\" srcset=\"https:\/\/e-fiskal.rs\/wp-content\/uploads\/2025\/06\/eFiskal-fissoft-imin-swan-2-fiskal-app.png 1377w, https:\/\/e-fiskal.rs\/wp-content\/uploads\/2025\/06\/eFiskal-fissoft-imin-swan-2-fiskal-app-600x342.png 600w, https:\/\/e-fiskal.rs\/wp-content\/uploads\/2025\/06\/eFiskal-fissoft-imin-swan-2-fiskal-app-300x171.png 300w, https:\/\/e-fiskal.rs\/wp-content\/uploads\/2025\/06\/eFiskal-fissoft-imin-swan-2-fiskal-app-1024x585.png 1024w, https:\/\/e-fiskal.rs\/wp-content\/uploads\/2025\/06\/eFiskal-fissoft-imin-swan-2-fiskal-app-768x438.png 768w\" sizes=\"(max-width: 1377px) 100vw, 1377px\" \/><\/p>\n<p>Na\u0161im poslovnim korisnicima garantujemo sigurnost i kontinuitet u poslovanju, stru\u010dnu podr\u0161ku i vrhunsko korisni\u010dko iskustvo.<\/p>\n<p>Pri razvoju novih usluga, eFiskal se vodi \u010dinjenicom da svaka kompanija, u zavisnoti od obima posla i delatnosti koju obavlja, ima specifi\u010dne potrebe, zbog \u010dega smo kreirali programsko re\u0161enje po meri svakog biznisa.<\/p>\n<p>&nbsp;<\/p>\n<p>Ako ne \u017eelite da koristite dodatni hardver i ve\u0107 imate ra\u010dunar u svom poslovnom prostoru, mo\u017eete koristiti na\u0161e softversko re\u0161enje za ra\u010dunar \u2013 <a href=\"https:\/\/e-fiskal.rs\/index.php\/win-fiskal-fiskalna-kasa\/\">WIN Fiskal<\/a>. <strong>WIN Fiskal<\/strong> \u2013 Savr\u0161eno re\u0161enje za poslovne korisnike koji \u017eele da koriste postoje\u0107i ra\u010dunar bez potrebe za dodatnim hardverom.<\/p>\n<p><strong data-start=\"138\" data-end=\"165\">U\u0161tedite vreme i novac!<\/strong><br data-start=\"165\" data-end=\"168\" \/>Ako ve\u0107 imate ra\u010dunar u svom poslovnom prostoru, WIN Fiskal vam omogu\u0107ava da izdajete fiskalne ra\u010dune bez potrebe za dodatnim hardverom. Brza instalacija i jednostavno kori\u0161\u0107enje!<\/p>\n<p><strong data-start=\"668\" data-end=\"729\">Elektronska fiskalizacija nikada nije bila jednostavnija!<\/strong><br data-start=\"729\" data-end=\"732\" \/>Koristite WIN Fiskal direktno na svom ra\u010dunaru i izdajte fiskalne ra\u010dune bez dodatnih tro\u0161kova i komplikacija.<\/p>\n<p>&nbsp;<\/p>\n<p data-start=\"104\" data-end=\"233\">Ako \u017eelite da ovaj ure\u0111aj koristite u ugostiteljskom objektu, preporu\u010dujemo na\u0161e specijalizovano softversko re\u0161enje \u2013 <a href=\"https:\/\/kelner.rs\/\"><strong>KELNER<\/strong><\/a>. Optimizujte rad konobara, ubrzajte uslugu i pobolj\u0161ajte organizaciju \u2013 sve preko jednog ure\u0111aja.<\/p>\n<p>&nbsp;<\/p>\n","protected":false},"excerpt":{"rendered":"<p>Elektronska Fiskalizacija \/eFiskal Fiskalizuj se na vreme. Do\u0161lo je vreme za e-fiskalizaciju. Tu smo da vam pomognemo da \u0161to pre pre\u0111ete na elektronsku fiskalizaciju. Odaberite softversko re\u0161enje po svojoj meri za samo 1.200,00rsd\/mese\u010dno+PDV. Imin Swan 2\u00a0\u2013 nova generacija Smart ure\u0111aja koja podi\u017ee standarde poslovanja. Moderan dizajn, vrhunske performanse i intuitivno kori\u0161\u0107enje \u010dine ga savr\u0161enim izborom [&hellip;]<\/p>\n","protected":false},"author":1,"featured_media":857,"parent":0,"menu_order":0,"comment_status":"open","ping_status":"open","template":"page-templates\/template-services.php","meta":{"footnotes":""},"class_list":["post-801","page","type-page","status-publish","has-post-thumbnail","hentry"],"yoast_head":"<!-- This site is optimized with the Yoast SEO plugin v27.1.1 - https:\/\/yoast.com\/product\/yoast-seo-wordpress\/ -->\n<title>Fiskalna kasa Imin Swan 2 - Elektronska Fiskalizacija<\/title>\n<meta name=\"description\" content=\"Efiskal \u2013 Brza i jednostavna fiskalizacija. Fiskalna kasa i softverska re\u0161enja po povoljnijim cenama. Tu smo da vam pomognemo. Imin Swan 2\" \/>\n<meta name=\"robots\" content=\"index, follow, max-snippet:-1, max-image-preview:large, max-video-preview:-1\" \/>\n<link rel=\"canonical\" href=\"https:\/\/e-fiskal.rs\/index.php\/fiskalna-kasa-imin-swan-2\/\" \/>\n<meta property=\"og:locale\" content=\"en_US\" \/>\n<meta property=\"og:type\" content=\"article\" \/>\n<meta property=\"og:title\" content=\"Fiskalna kasa Imin Swan 2 - Elektronska Fiskalizacija\" \/>\n<meta property=\"og:description\" content=\"Efiskal \u2013 Brza i jednostavna fiskalizacija. Fiskalna kasa i softverska re\u0161enja po povoljnijim cenama. Tu smo da vam pomognemo. Imin Swan 2\" \/>\n<meta property=\"og:url\" content=\"https:\/\/e-fiskal.rs\/index.php\/fiskalna-kasa-imin-swan-2\/\" \/>\n<meta property=\"og:site_name\" content=\"Elektronska Fiskalizacija\" \/>\n<meta property=\"article:modified_time\" content=\"2025-06-06T13:55:25+00:00\" \/>\n<meta property=\"og:image\" content=\"https:\/\/e-fiskal.rs\/wp-content\/uploads\/2025\/06\/eFiskal-fissoft-imin-swan-2.png\" \/>\n\t<meta property=\"og:image:width\" content=\"1377\" \/>\n\t<meta property=\"og:image:height\" content=\"1043\" \/>\n\t<meta property=\"og:image:type\" content=\"image\/png\" \/>\n<meta name=\"twitter:card\" content=\"summary_large_image\" \/>\n<meta name=\"twitter:label1\" content=\"Est. reading time\" \/>\n\t<meta name=\"twitter:data1\" content=\"3 minutes\" \/>\n<script type=\"application\/ld+json\" class=\"yoast-schema-graph\">{\"@context\":\"https:\/\/schema.org\",\"@graph\":[{\"@type\":\"WebPage\",\"@id\":\"https:\/\/e-fiskal.rs\/index.php\/fiskalna-kasa-imin-swan-2\/\",\"url\":\"https:\/\/e-fiskal.rs\/index.php\/fiskalna-kasa-imin-swan-2\/\",\"name\":\"Fiskalna kasa Imin Swan 2 - Elektronska Fiskalizacija\",\"isPartOf\":{\"@id\":\"https:\/\/e-fiskal.rs\/#website\"},\"primaryImageOfPage\":{\"@id\":\"https:\/\/e-fiskal.rs\/index.php\/fiskalna-kasa-imin-swan-2\/#primaryimage\"},\"image\":{\"@id\":\"https:\/\/e-fiskal.rs\/index.php\/fiskalna-kasa-imin-swan-2\/#primaryimage\"},\"thumbnailUrl\":\"https:\/\/e-fiskal.rs\/wp-content\/uploads\/2025\/06\/eFiskal-fissoft-imin-swan-2.png\",\"datePublished\":\"2021-10-19T07:45:58+00:00\",\"dateModified\":\"2025-06-06T13:55:25+00:00\",\"description\":\"Efiskal \u2013 Brza i jednostavna fiskalizacija. Fiskalna kasa i softverska re\u0161enja po povoljnijim cenama. Tu smo da vam pomognemo. Imin Swan 2\",\"breadcrumb\":{\"@id\":\"https:\/\/e-fiskal.rs\/index.php\/fiskalna-kasa-imin-swan-2\/#breadcrumb\"},\"inLanguage\":\"en-US\",\"potentialAction\":[{\"@type\":\"ReadAction\",\"target\":[\"https:\/\/e-fiskal.rs\/index.php\/fiskalna-kasa-imin-swan-2\/\"]}]},{\"@type\":\"ImageObject\",\"inLanguage\":\"en-US\",\"@id\":\"https:\/\/e-fiskal.rs\/index.php\/fiskalna-kasa-imin-swan-2\/#primaryimage\",\"url\":\"https:\/\/e-fiskal.rs\/wp-content\/uploads\/2025\/06\/eFiskal-fissoft-imin-swan-2.png\",\"contentUrl\":\"https:\/\/e-fiskal.rs\/wp-content\/uploads\/2025\/06\/eFiskal-fissoft-imin-swan-2.png\",\"width\":1377,\"height\":1043},{\"@type\":\"BreadcrumbList\",\"@id\":\"https:\/\/e-fiskal.rs\/index.php\/fiskalna-kasa-imin-swan-2\/#breadcrumb\",\"itemListElement\":[{\"@type\":\"ListItem\",\"position\":1,\"name\":\"Home\",\"item\":\"https:\/\/e-fiskal.rs\/\"},{\"@type\":\"ListItem\",\"position\":2,\"name\":\"Fiskalna kasa Imin Swan 2\"}]},{\"@type\":\"WebSite\",\"@id\":\"https:\/\/e-fiskal.rs\/#website\",\"url\":\"https:\/\/e-fiskal.rs\/\",\"name\":\"Elektronska Fiskalizacija\",\"description\":\"Najbolja ponuda ure\u0111aja i softverskih re\u0161enja\",\"publisher\":{\"@id\":\"https:\/\/e-fiskal.rs\/#organization\"},\"potentialAction\":[{\"@type\":\"SearchAction\",\"target\":{\"@type\":\"EntryPoint\",\"urlTemplate\":\"https:\/\/e-fiskal.rs\/?s={search_term_string}\"},\"query-input\":{\"@type\":\"PropertyValueSpecification\",\"valueRequired\":true,\"valueName\":\"search_term_string\"}}],\"inLanguage\":\"en-US\"},{\"@type\":\"Organization\",\"@id\":\"https:\/\/e-fiskal.rs\/#organization\",\"name\":\"Elektronska Fiskalizacija\",\"url\":\"https:\/\/e-fiskal.rs\/\",\"logo\":{\"@type\":\"ImageObject\",\"inLanguage\":\"en-US\",\"@id\":\"https:\/\/e-fiskal.rs\/#\/schema\/logo\/image\/\",\"url\":\"https:\/\/e-fiskal.rs\/wp-content\/uploads\/2021\/09\/elektronska-fiskalizacija-logo-small.png\",\"contentUrl\":\"https:\/\/e-fiskal.rs\/wp-content\/uploads\/2021\/09\/elektronska-fiskalizacija-logo-small.png\",\"width\":120,\"height\":60,\"caption\":\"Elektronska Fiskalizacija\"},\"image\":{\"@id\":\"https:\/\/e-fiskal.rs\/#\/schema\/logo\/image\/\"}}]}<\/script>\n<!-- \/ Yoast SEO plugin. -->","yoast_head_json":{"title":"Fiskalna kasa Imin Swan 2 - Elektronska Fiskalizacija","description":"Efiskal \u2013 Brza i jednostavna fiskalizacija. Fiskalna kasa i softverska re\u0161enja po povoljnijim cenama. Tu smo da vam pomognemo. Imin Swan 2","robots":{"index":"index","follow":"follow","max-snippet":"max-snippet:-1","max-image-preview":"max-image-preview:large","max-video-preview":"max-video-preview:-1"},"canonical":"https:\/\/e-fiskal.rs\/index.php\/fiskalna-kasa-imin-swan-2\/","og_locale":"en_US","og_type":"article","og_title":"Fiskalna kasa Imin Swan 2 - Elektronska Fiskalizacija","og_description":"Efiskal \u2013 Brza i jednostavna fiskalizacija. Fiskalna kasa i softverska re\u0161enja po povoljnijim cenama. Tu smo da vam pomognemo. Imin Swan 2","og_url":"https:\/\/e-fiskal.rs\/index.php\/fiskalna-kasa-imin-swan-2\/","og_site_name":"Elektronska Fiskalizacija","article_modified_time":"2025-06-06T13:55:25+00:00","og_image":[{"width":1377,"height":1043,"url":"https:\/\/e-fiskal.rs\/wp-content\/uploads\/2025\/06\/eFiskal-fissoft-imin-swan-2.png","type":"image\/png"}],"twitter_card":"summary_large_image","twitter_misc":{"Est. reading time":"3 minutes"},"schema":{"@context":"https:\/\/schema.org","@graph":[{"@type":"WebPage","@id":"https:\/\/e-fiskal.rs\/index.php\/fiskalna-kasa-imin-swan-2\/","url":"https:\/\/e-fiskal.rs\/index.php\/fiskalna-kasa-imin-swan-2\/","name":"Fiskalna kasa Imin Swan 2 - Elektronska Fiskalizacija","isPartOf":{"@id":"https:\/\/e-fiskal.rs\/#website"},"primaryImageOfPage":{"@id":"https:\/\/e-fiskal.rs\/index.php\/fiskalna-kasa-imin-swan-2\/#primaryimage"},"image":{"@id":"https:\/\/e-fiskal.rs\/index.php\/fiskalna-kasa-imin-swan-2\/#primaryimage"},"thumbnailUrl":"https:\/\/e-fiskal.rs\/wp-content\/uploads\/2025\/06\/eFiskal-fissoft-imin-swan-2.png","datePublished":"2021-10-19T07:45:58+00:00","dateModified":"2025-06-06T13:55:25+00:00","description":"Efiskal \u2013 Brza i jednostavna fiskalizacija. Fiskalna kasa i softverska re\u0161enja po povoljnijim cenama. Tu smo da vam pomognemo. Imin Swan 2","breadcrumb":{"@id":"https:\/\/e-fiskal.rs\/index.php\/fiskalna-kasa-imin-swan-2\/#breadcrumb"},"inLanguage":"en-US","potentialAction":[{"@type":"ReadAction","target":["https:\/\/e-fiskal.rs\/index.php\/fiskalna-kasa-imin-swan-2\/"]}]},{"@type":"ImageObject","inLanguage":"en-US","@id":"https:\/\/e-fiskal.rs\/index.php\/fiskalna-kasa-imin-swan-2\/#primaryimage","url":"https:\/\/e-fiskal.rs\/wp-content\/uploads\/2025\/06\/eFiskal-fissoft-imin-swan-2.png","contentUrl":"https:\/\/e-fiskal.rs\/wp-content\/uploads\/2025\/06\/eFiskal-fissoft-imin-swan-2.png","width":1377,"height":1043},{"@type":"BreadcrumbList","@id":"https:\/\/e-fiskal.rs\/index.php\/fiskalna-kasa-imin-swan-2\/#breadcrumb","itemListElement":[{"@type":"ListItem","position":1,"name":"Home","item":"https:\/\/e-fiskal.rs\/"},{"@type":"ListItem","position":2,"name":"Fiskalna kasa Imin Swan 2"}]},{"@type":"WebSite","@id":"https:\/\/e-fiskal.rs\/#website","url":"https:\/\/e-fiskal.rs\/","name":"Elektronska Fiskalizacija","description":"Najbolja ponuda ure\u0111aja i softverskih re\u0161enja","publisher":{"@id":"https:\/\/e-fiskal.rs\/#organization"},"potentialAction":[{"@type":"SearchAction","target":{"@type":"EntryPoint","urlTemplate":"https:\/\/e-fiskal.rs\/?s={search_term_string}"},"query-input":{"@type":"PropertyValueSpecification","valueRequired":true,"valueName":"search_term_string"}}],"inLanguage":"en-US"},{"@type":"Organization","@id":"https:\/\/e-fiskal.rs\/#organization","name":"Elektronska Fiskalizacija","url":"https:\/\/e-fiskal.rs\/","logo":{"@type":"ImageObject","inLanguage":"en-US","@id":"https:\/\/e-fiskal.rs\/#\/schema\/logo\/image\/","url":"https:\/\/e-fiskal.rs\/wp-content\/uploads\/2021\/09\/elektronska-fiskalizacija-logo-small.png","contentUrl":"https:\/\/e-fiskal.rs\/wp-content\/uploads\/2021\/09\/elektronska-fiskalizacija-logo-small.png","width":120,"height":60,"caption":"Elektronska Fiskalizacija"},"image":{"@id":"https:\/\/e-fiskal.rs\/#\/schema\/logo\/image\/"}}]}},"_links":{"self":[{"href":"https:\/\/e-fiskal.rs\/index.php\/wp-json\/wp\/v2\/pages\/801","targetHints":{"allow":["GET"]}}],"collection":[{"href":"https:\/\/e-fiskal.rs\/index.php\/wp-json\/wp\/v2\/pages"}],"about":[{"href":"https:\/\/e-fiskal.rs\/index.php\/wp-json\/wp\/v2\/types\/page"}],"author":[{"embeddable":true,"href":"https:\/\/e-fiskal.rs\/index.php\/wp-json\/wp\/v2\/users\/1"}],"replies":[{"embeddable":true,"href":"https:\/\/e-fiskal.rs\/index.php\/wp-json\/wp\/v2\/comments?post=801"}],"version-history":[{"count":10,"href":"https:\/\/e-fiskal.rs\/index.php\/wp-json\/wp\/v2\/pages\/801\/revisions"}],"predecessor-version":[{"id":805,"href":"https:\/\/e-fiskal.rs\/index.php\/wp-json\/wp\/v2\/pages\/801\/revisions\/805"}],"wp:featuredmedia":[{"embeddable":true,"href":"https:\/\/e-fiskal.rs\/index.php\/wp-json\/wp\/v2\/media\/857"}],"wp:attachment":[{"href":"https:\/\/e-fiskal.rs\/index.php\/wp-json\/wp\/v2\/media?parent=801"}],"curies":[{"name":"wp","href":"https:\/\/api.w.org\/{rel}","templated":true}]}}