{"id":847,"date":"2025-02-15T13:58:08","date_gmt":"2025-02-15T13:58:08","guid":{"rendered":"https:\/\/e-fiskal.rs\/?page_id=847"},"modified":"2025-12-22T15:47:16","modified_gmt":"2025-12-22T15:47:16","slug":"fiskalna-kasa-tianyu-s30","status":"publish","type":"page","link":"https:\/\/e-fiskal.rs\/index.php\/fiskalna-kasa-tianyu-s30\/","title":{"rendered":"Fiskalna kasa Tianyu S30"},"content":{"rendered":"<h1 class=\"entry-title\">Elektronska Fiskalizacija \/ eFiskal<\/h1>\n<div class=\"entry-content\">\n<p>Fiskalizuj se na vreme. Do\u0161lo je vreme za e-fiskalizaciju. Tu smo da vam pomognemo da \u0161to pre pre\u0111ete na elektronsku fiskalizaciju.<\/p>\n<\/div>\n<p>Odaberite softversko re\u0161enje po svojoj meri za samo 1.200,00rsd\/mese\u010dno+PDV. Cena <strong>S30<\/strong> ure\u0111aja <strong>20.990din sa PDV<\/strong>.<\/p>\n<p><strong>Namenjen<\/strong> za ugostiteljske objekte, prodavnice \u0161iroko potro\u0161nje, pekare, butike, itd.<\/p>\n<p>Tianyu S30 je multifunkcionalni prenosni uredjaj visokih performansi. Mo\u017ee se lako povezati sa spoljnim ure\u0111ajima kao \u0161to su fioke za gotovinu, bar-kod skeneri.<\/p>\n<p><strong>Specifikacija ure\u0111aja:<\/strong> Android 10.0,WiFI modul, SIM\/SAM modul, 4G connectivity, ekran 5.5&#8243; rezolucija 1280*720, \u0161tampa\u010d 58mm, 90mm\/sek brzina \u0161tampe, dimenzija (D*\u0160*V)189*80*65mm, te\u017eina 417g, baterija 7.4V, 2600mAh.<\/p>\n<p><strong>Kupovina:<\/strong> dostupno na stanju. Cena 20.990 sa PDV<\/p>\n<p><img fetchpriority=\"high\" decoding=\"async\" class=\"alignnone wp-image-848 size-full\" title=\"Fiskalna kasa Marketino\" src=\"https:\/\/e-fiskal.rs\/wp-content\/uploads\/2025\/02\/Tianyu-S30.png\" alt=\"Fiskalna kasa Marketino\" width=\"874\" height=\"857\" srcset=\"https:\/\/e-fiskal.rs\/wp-content\/uploads\/2025\/02\/Tianyu-S30.png 874w, https:\/\/e-fiskal.rs\/wp-content\/uploads\/2025\/02\/Tianyu-S30-600x588.png 600w, https:\/\/e-fiskal.rs\/wp-content\/uploads\/2025\/02\/Tianyu-S30-300x294.png 300w, https:\/\/e-fiskal.rs\/wp-content\/uploads\/2025\/02\/Tianyu-S30-768x753.png 768w\" sizes=\"(max-width: 874px) 100vw, 874px\" \/><\/p>\n<p>&nbsp;<\/p>\n<p><strong>Odaberite softversko re\u0161enje po svojoj meri za samo 1.200,00rsd\/mese\u010dno+PDV. Cena ure\u0111aja 14.160din sa PDV.<\/strong><\/p>\n<h4>Moderno Softversko re\u0161enje<\/h4>\n<p>Idelno za razne maloprodajne objekte kao \u0161to su delatnosti gde se ne izdaje veliki broj ra\u010duna, npr, frizersko-kozmeti\u010dke suluge, stomatolozi, butici, zanatske radnje, cve\u0107are, itd tj za sve one koji moraju izdati elekronski fiskalni ra\u010dun.<\/p>\n<h4>Podr\u0161ka 24\/7\/365<\/h4>\n<p>Na\u0161im poslovnim korisnicima garantujemo sigurnost i kontinuitet u poslovanju, stru\u010dnu podr\u0161ku i vrhunsko korisni\u010dko iskustvo.<\/p>\n<p>Pri razvoju novih usluga, eFiskal se vodi \u010dinjenicom da svaka kompanija, u zavisnoti od obima posla i delatnosti koju obavlja, ima specifi\u010dne potrebe, zbog \u010dega smo kreirali programsko re\u0161enje po meri svakog biznisa.<\/p>\n<p>&nbsp;<\/p>\n<p>Ako ne \u017eelite da koristite dodatni hardver i ve\u0107 imate ra\u010dunar u svom poslovnom prostoru, mo\u017eete koristiti na\u0161e softversko re\u0161enje za ra\u010dunar \u2013\u00a0<strong><a href=\"https:\/\/e-fiskal.rs\/index.php\/win-fiskal-fiskalna-kasa\/\">WIN Fiskal<\/a><\/strong>.\u00a0<strong>WIN Fiskal<\/strong>\u00a0\u2013 Savr\u0161eno re\u0161enje za poslovne korisnike koji \u017eele da koriste postoje\u0107i ra\u010dunar bez potrebe za dodatnim hardverom.<\/p>\n<p><strong data-start=\"138\" data-end=\"165\">U\u0161tedite vreme i novac!<\/strong><br data-start=\"165\" data-end=\"168\" \/>Ako ve\u0107 imate ra\u010dunar u svom poslovnom prostoru, WIN Fiskal vam omogu\u0107ava da izdajete fiskalne ra\u010dune bez potrebe za dodatnim hardverom. Brza instalacija i jednostavno kori\u0161\u0107enje!<\/p>\n<p><strong data-start=\"668\" data-end=\"729\">Elektronska fiskalizacija nikada nije bila jednostavnija!<\/strong><br data-start=\"729\" data-end=\"732\" \/>Koristite WIN Fiskal direktno na svom ra\u010dunaru i izdajte fiskalne ra\u010dune bez dodatnih tro\u0161kova i komplikacija.<\/p>\n<p>&nbsp;<\/p>\n<p data-start=\"104\" data-end=\"233\">Ako \u017eelite da ovaj ure\u0111aj koristite u ugostiteljskom objektu, preporu\u010dujemo na\u0161e specijalizovano softversko re\u0161enje \u2013\u00a0<a href=\"https:\/\/kelner.rs\/\"><strong>KELNER<\/strong><\/a>. Optimizujte rad konobara, ubrzajte uslugu i pobolj\u0161ajte organizaciju \u2013 sve preko jednog ure\u0111aja.<\/p>\n<p>&nbsp;<\/p>\n","protected":false},"excerpt":{"rendered":"<p>Elektronska Fiskalizacija \/ eFiskal Fiskalizuj se na vreme. Do\u0161lo je vreme za e-fiskalizaciju. Tu smo da vam pomognemo da \u0161to pre pre\u0111ete na elektronsku fiskalizaciju. Odaberite softversko re\u0161enje po svojoj meri za samo 1.200,00rsd\/mese\u010dno+PDV. Cena S30 ure\u0111aja 20.990din sa PDV. Namenjen za ugostiteljske objekte, prodavnice \u0161iroko potro\u0161nje, pekare, butike, itd. Tianyu S30 je multifunkcionalni prenosni [&hellip;]<\/p>\n","protected":false},"author":1,"featured_media":849,"parent":0,"menu_order":0,"comment_status":"open","ping_status":"open","template":"","meta":{"footnotes":""},"class_list":["post-847","page","type-page","status-publish","has-post-thumbnail","hentry"],"yoast_head":"<!-- This site is optimized with the Yoast SEO plugin v27.1.1 - https:\/\/yoast.com\/product\/yoast-seo-wordpress\/ -->\n<title>Fiskalna kasa Tianyu S30 - Elektronska Fiskalizacija<\/title>\n<meta name=\"description\" content=\"Efiskal \u2013 savremeno re\u0161enje za elektronsku fiskalizaciju. Fiskalne kase i softverska re\u0161enja po pristupa\u010dnim cenama.\" \/>\n<meta name=\"robots\" content=\"index, follow, max-snippet:-1, max-image-preview:large, max-video-preview:-1\" \/>\n<link rel=\"canonical\" href=\"https:\/\/e-fiskal.rs\/index.php\/fiskalna-kasa-tianyu-s30\/\" \/>\n<meta property=\"og:locale\" content=\"en_US\" \/>\n<meta property=\"og:type\" content=\"article\" \/>\n<meta property=\"og:title\" content=\"Fiskalna kasa Tianyu S30 - Elektronska Fiskalizacija\" \/>\n<meta property=\"og:description\" content=\"Efiskal \u2013 savremeno re\u0161enje za elektronsku fiskalizaciju. Fiskalne kase i softverska re\u0161enja po pristupa\u010dnim cenama.\" \/>\n<meta property=\"og:url\" content=\"https:\/\/e-fiskal.rs\/index.php\/fiskalna-kasa-tianyu-s30\/\" \/>\n<meta property=\"og:site_name\" content=\"Elektronska Fiskalizacija\" \/>\n<meta property=\"article:modified_time\" content=\"2025-12-22T15:47:16+00:00\" \/>\n<meta property=\"og:image\" content=\"https:\/\/e-fiskal.rs\/wp-content\/uploads\/2025\/02\/marketino-one-side-kasa-web.png\" \/>\n\t<meta property=\"og:image:width\" content=\"1200\" \/>\n\t<meta property=\"og:image:height\" content=\"856\" \/>\n\t<meta property=\"og:image:type\" content=\"image\/png\" \/>\n<meta name=\"twitter:card\" content=\"summary_large_image\" \/>\n<meta name=\"twitter:label1\" content=\"Est. reading time\" \/>\n\t<meta name=\"twitter:data1\" content=\"2 minutes\" \/>\n<script type=\"application\/ld+json\" class=\"yoast-schema-graph\">{\"@context\":\"https:\/\/schema.org\",\"@graph\":[{\"@type\":\"WebPage\",\"@id\":\"https:\/\/e-fiskal.rs\/index.php\/fiskalna-kasa-tianyu-s30\/\",\"url\":\"https:\/\/e-fiskal.rs\/index.php\/fiskalna-kasa-tianyu-s30\/\",\"name\":\"Fiskalna kasa Tianyu S30 - Elektronska Fiskalizacija\",\"isPartOf\":{\"@id\":\"https:\/\/e-fiskal.rs\/#website\"},\"primaryImageOfPage\":{\"@id\":\"https:\/\/e-fiskal.rs\/index.php\/fiskalna-kasa-tianyu-s30\/#primaryimage\"},\"image\":{\"@id\":\"https:\/\/e-fiskal.rs\/index.php\/fiskalna-kasa-tianyu-s30\/#primaryimage\"},\"thumbnailUrl\":\"https:\/\/e-fiskal.rs\/wp-content\/uploads\/2025\/02\/marketino-one-side-kasa-web.png\",\"datePublished\":\"2025-02-15T13:58:08+00:00\",\"dateModified\":\"2025-12-22T15:47:16+00:00\",\"description\":\"Efiskal \u2013 savremeno re\u0161enje za elektronsku fiskalizaciju. Fiskalne kase i softverska re\u0161enja po pristupa\u010dnim cenama.\",\"breadcrumb\":{\"@id\":\"https:\/\/e-fiskal.rs\/index.php\/fiskalna-kasa-tianyu-s30\/#breadcrumb\"},\"inLanguage\":\"en-US\",\"potentialAction\":[{\"@type\":\"ReadAction\",\"target\":[\"https:\/\/e-fiskal.rs\/index.php\/fiskalna-kasa-tianyu-s30\/\"]}]},{\"@type\":\"ImageObject\",\"inLanguage\":\"en-US\",\"@id\":\"https:\/\/e-fiskal.rs\/index.php\/fiskalna-kasa-tianyu-s30\/#primaryimage\",\"url\":\"https:\/\/e-fiskal.rs\/wp-content\/uploads\/2025\/02\/marketino-one-side-kasa-web.png\",\"contentUrl\":\"https:\/\/e-fiskal.rs\/wp-content\/uploads\/2025\/02\/marketino-one-side-kasa-web.png\",\"width\":1200,\"height\":856},{\"@type\":\"BreadcrumbList\",\"@id\":\"https:\/\/e-fiskal.rs\/index.php\/fiskalna-kasa-tianyu-s30\/#breadcrumb\",\"itemListElement\":[{\"@type\":\"ListItem\",\"position\":1,\"name\":\"Home\",\"item\":\"https:\/\/e-fiskal.rs\/\"},{\"@type\":\"ListItem\",\"position\":2,\"name\":\"Fiskalna kasa Tianyu S30\"}]},{\"@type\":\"WebSite\",\"@id\":\"https:\/\/e-fiskal.rs\/#website\",\"url\":\"https:\/\/e-fiskal.rs\/\",\"name\":\"Elektronska Fiskalizacija\",\"description\":\"Najbolja ponuda ure\u0111aja i softverskih re\u0161enja\",\"publisher\":{\"@id\":\"https:\/\/e-fiskal.rs\/#organization\"},\"potentialAction\":[{\"@type\":\"SearchAction\",\"target\":{\"@type\":\"EntryPoint\",\"urlTemplate\":\"https:\/\/e-fiskal.rs\/?s={search_term_string}\"},\"query-input\":{\"@type\":\"PropertyValueSpecification\",\"valueRequired\":true,\"valueName\":\"search_term_string\"}}],\"inLanguage\":\"en-US\"},{\"@type\":\"Organization\",\"@id\":\"https:\/\/e-fiskal.rs\/#organization\",\"name\":\"Elektronska Fiskalizacija\",\"url\":\"https:\/\/e-fiskal.rs\/\",\"logo\":{\"@type\":\"ImageObject\",\"inLanguage\":\"en-US\",\"@id\":\"https:\/\/e-fiskal.rs\/#\/schema\/logo\/image\/\",\"url\":\"https:\/\/e-fiskal.rs\/wp-content\/uploads\/2021\/09\/elektronska-fiskalizacija-logo-small.png\",\"contentUrl\":\"https:\/\/e-fiskal.rs\/wp-content\/uploads\/2021\/09\/elektronska-fiskalizacija-logo-small.png\",\"width\":120,\"height\":60,\"caption\":\"Elektronska Fiskalizacija\"},\"image\":{\"@id\":\"https:\/\/e-fiskal.rs\/#\/schema\/logo\/image\/\"}}]}<\/script>\n<!-- \/ Yoast SEO plugin. -->","yoast_head_json":{"title":"Fiskalna kasa Tianyu S30 - Elektronska Fiskalizacija","description":"Efiskal \u2013 savremeno re\u0161enje za elektronsku fiskalizaciju. Fiskalne kase i softverska re\u0161enja po pristupa\u010dnim cenama.","robots":{"index":"index","follow":"follow","max-snippet":"max-snippet:-1","max-image-preview":"max-image-preview:large","max-video-preview":"max-video-preview:-1"},"canonical":"https:\/\/e-fiskal.rs\/index.php\/fiskalna-kasa-tianyu-s30\/","og_locale":"en_US","og_type":"article","og_title":"Fiskalna kasa Tianyu S30 - Elektronska Fiskalizacija","og_description":"Efiskal \u2013 savremeno re\u0161enje za elektronsku fiskalizaciju. Fiskalne kase i softverska re\u0161enja po pristupa\u010dnim cenama.","og_url":"https:\/\/e-fiskal.rs\/index.php\/fiskalna-kasa-tianyu-s30\/","og_site_name":"Elektronska Fiskalizacija","article_modified_time":"2025-12-22T15:47:16+00:00","og_image":[{"width":1200,"height":856,"url":"https:\/\/e-fiskal.rs\/wp-content\/uploads\/2025\/02\/marketino-one-side-kasa-web.png","type":"image\/png"}],"twitter_card":"summary_large_image","twitter_misc":{"Est. reading time":"2 minutes"},"schema":{"@context":"https:\/\/schema.org","@graph":[{"@type":"WebPage","@id":"https:\/\/e-fiskal.rs\/index.php\/fiskalna-kasa-tianyu-s30\/","url":"https:\/\/e-fiskal.rs\/index.php\/fiskalna-kasa-tianyu-s30\/","name":"Fiskalna kasa Tianyu S30 - Elektronska Fiskalizacija","isPartOf":{"@id":"https:\/\/e-fiskal.rs\/#website"},"primaryImageOfPage":{"@id":"https:\/\/e-fiskal.rs\/index.php\/fiskalna-kasa-tianyu-s30\/#primaryimage"},"image":{"@id":"https:\/\/e-fiskal.rs\/index.php\/fiskalna-kasa-tianyu-s30\/#primaryimage"},"thumbnailUrl":"https:\/\/e-fiskal.rs\/wp-content\/uploads\/2025\/02\/marketino-one-side-kasa-web.png","datePublished":"2025-02-15T13:58:08+00:00","dateModified":"2025-12-22T15:47:16+00:00","description":"Efiskal \u2013 savremeno re\u0161enje za elektronsku fiskalizaciju. Fiskalne kase i softverska re\u0161enja po pristupa\u010dnim cenama.","breadcrumb":{"@id":"https:\/\/e-fiskal.rs\/index.php\/fiskalna-kasa-tianyu-s30\/#breadcrumb"},"inLanguage":"en-US","potentialAction":[{"@type":"ReadAction","target":["https:\/\/e-fiskal.rs\/index.php\/fiskalna-kasa-tianyu-s30\/"]}]},{"@type":"ImageObject","inLanguage":"en-US","@id":"https:\/\/e-fiskal.rs\/index.php\/fiskalna-kasa-tianyu-s30\/#primaryimage","url":"https:\/\/e-fiskal.rs\/wp-content\/uploads\/2025\/02\/marketino-one-side-kasa-web.png","contentUrl":"https:\/\/e-fiskal.rs\/wp-content\/uploads\/2025\/02\/marketino-one-side-kasa-web.png","width":1200,"height":856},{"@type":"BreadcrumbList","@id":"https:\/\/e-fiskal.rs\/index.php\/fiskalna-kasa-tianyu-s30\/#breadcrumb","itemListElement":[{"@type":"ListItem","position":1,"name":"Home","item":"https:\/\/e-fiskal.rs\/"},{"@type":"ListItem","position":2,"name":"Fiskalna kasa Tianyu S30"}]},{"@type":"WebSite","@id":"https:\/\/e-fiskal.rs\/#website","url":"https:\/\/e-fiskal.rs\/","name":"Elektronska Fiskalizacija","description":"Najbolja ponuda ure\u0111aja i softverskih re\u0161enja","publisher":{"@id":"https:\/\/e-fiskal.rs\/#organization"},"potentialAction":[{"@type":"SearchAction","target":{"@type":"EntryPoint","urlTemplate":"https:\/\/e-fiskal.rs\/?s={search_term_string}"},"query-input":{"@type":"PropertyValueSpecification","valueRequired":true,"valueName":"search_term_string"}}],"inLanguage":"en-US"},{"@type":"Organization","@id":"https:\/\/e-fiskal.rs\/#organization","name":"Elektronska Fiskalizacija","url":"https:\/\/e-fiskal.rs\/","logo":{"@type":"ImageObject","inLanguage":"en-US","@id":"https:\/\/e-fiskal.rs\/#\/schema\/logo\/image\/","url":"https:\/\/e-fiskal.rs\/wp-content\/uploads\/2021\/09\/elektronska-fiskalizacija-logo-small.png","contentUrl":"https:\/\/e-fiskal.rs\/wp-content\/uploads\/2021\/09\/elektronska-fiskalizacija-logo-small.png","width":120,"height":60,"caption":"Elektronska Fiskalizacija"},"image":{"@id":"https:\/\/e-fiskal.rs\/#\/schema\/logo\/image\/"}}]}},"_links":{"self":[{"href":"https:\/\/e-fiskal.rs\/index.php\/wp-json\/wp\/v2\/pages\/847","targetHints":{"allow":["GET"]}}],"collection":[{"href":"https:\/\/e-fiskal.rs\/index.php\/wp-json\/wp\/v2\/pages"}],"about":[{"href":"https:\/\/e-fiskal.rs\/index.php\/wp-json\/wp\/v2\/types\/page"}],"author":[{"embeddable":true,"href":"https:\/\/e-fiskal.rs\/index.php\/wp-json\/wp\/v2\/users\/1"}],"replies":[{"embeddable":true,"href":"https:\/\/e-fiskal.rs\/index.php\/wp-json\/wp\/v2\/comments?post=847"}],"version-history":[{"count":7,"href":"https:\/\/e-fiskal.rs\/index.php\/wp-json\/wp\/v2\/pages\/847\/revisions"}],"predecessor-version":[{"id":867,"href":"https:\/\/e-fiskal.rs\/index.php\/wp-json\/wp\/v2\/pages\/847\/revisions\/867"}],"wp:featuredmedia":[{"embeddable":true,"href":"https:\/\/e-fiskal.rs\/index.php\/wp-json\/wp\/v2\/media\/849"}],"wp:attachment":[{"href":"https:\/\/e-fiskal.rs\/index.php\/wp-json\/wp\/v2\/media?parent=847"}],"curies":[{"name":"wp","href":"https:\/\/api.w.org\/{rel}","templated":true}]}}